{"id":12661,"date":"2024-08-19T11:29:38","date_gmt":"2024-08-19T09:29:38","guid":{"rendered":"https:\/\/jarchaespanol.com\/servicios\/senza-categoria\/spagnolo-online-e-in-presenza-preparazione-al-dele-in-piccolo-gruppo\/"},"modified":"2025-10-16T16:06:02","modified_gmt":"2025-10-16T14:06:02","slug":"spagnolo-online-preparazione-al-dele-in-piccolo-gruppo","status":"publish","type":"product","link":"https:\/\/jarchaespanol.com\/it\/servicios\/ensenanza-it\/ele-it\/altre-lezioni-in-piccolo-gruppo\/spagnolo-online-preparazione-al-dele-in-piccolo-gruppo\/","title":{"rendered":"Spagnolo online &#8211; Preparazione per DELE per piccolo gruppo"},"content":{"rendered":"<p>Questo programma \u00e8 ideale per gruppi di studenti che desiderano prepararsi insieme per gli esami ufficiali di spagnolo. Offriamo un&#8217;attenzione personalizzata in un ambiente di apprendimento collaborativo che massimizza le possibilit\u00e0 di successo negli esami.<\/p>\n<p>&nbsp;<\/p>\n<p>Ogni lezione dura 75 minuti, il che consente di lavorare a fondo senza perdere efficacia n\u00e9 ritmo.<\/p>\n<p>&nbsp;<\/p>\n<p>I gruppi possono avere fino a un <strong>massimo di 4 studenti<\/strong> per garantire un monitoraggio individualizzato ed efficace.<\/p>\n<p>&nbsp;<\/p>\n<p><a href=\"https:\/\/jarchaespanol.com\/wp-content\/uploads\/2025\/02\/Quali-esami-prepariamo-a-Jarcha-Espanol.pdf\" target=\"_blank\" rel=\"noopener\"><strong>Quali esami prepariamo a Jarcha Espa\u00f1ol?<\/strong><\/a><\/p>\n<p><strong><span style=\"color: #882437;\">Unisciti ai nostri gruppi e ottieni la tua certificazione con successo!<\/span><\/strong><\/p>\n<p><b>Prova di livello<\/b><br \/>\n<a class=\"btn btn-jarcha\" href=\"https:\/\/docs.google.com\/forms\/d\/e\/1FAIpQLScMyzM92U1yRd7pyrAY6iNldme-eUzGKpzMkl9ZJUN072zVHw\/viewform?usp=sf_link\" target=\"_blank\" rel=\"noopener\"><span style=\"font-weight: 400;\"><i class=\"vc_btn3-icon fas fa-user-graduate\"><\/i> A1 <\/span><\/a> <a class=\"btn btn-jarcha\" href=\"https:\/\/docs.google.com\/forms\/d\/e\/1FAIpQLSctisEsdQt-A4UJe0KuWHLCDoTzLtXFWelAQNoauRGeyPcSUg\/viewform?usp=sf_link\" target=\"_blank\" rel=\"noopener\"><span style=\"font-weight: 400;\"><i class=\"vc_btn3-icon fas fa-user-graduate\"><\/i> A2 <\/span><\/a> <a class=\"btn btn-jarcha\" href=\"https:\/\/docs.google.com\/forms\/d\/e\/1FAIpQLSdNGeGMzvjiXYDQWm0ySq6zpqES6g3MFOjMnaYxYUgCeI3M7A\/viewform?usp=sf_link\" target=\"_blank\" rel=\"noopener\"><span style=\"font-weight: 400;\"><i class=\"vc_btn3-icon fas fa-user-graduate\"><\/i> B1 <\/span><\/a> <a class=\"btn btn-jarcha\" href=\"https:\/\/docs.google.com\/forms\/d\/e\/1FAIpQLSfHj2JP1zE2D1FUPS_FbH0zTUNzAJ1CEopeBKifrEwm5nMmsw\/viewform?usp=sf_link\" target=\"_blank\" rel=\"noopener\"><span style=\"font-weight: 400;\"><i class=\"vc_btn3-icon fas fa-user-graduate\"><\/i> B2 <\/span><\/a> <a class=\"btn btn-jarcha\" href=\"https:\/\/docs.google.com\/forms\/d\/e\/1FAIpQLSeUgWtLVaOwNh7sbMlg0a7C-zQG3OhJkbzS22VtItOdw6IVCQ\/viewform?usp=sf_link\" target=\"_blank\" rel=\"noopener\"><span style=\"font-weight: 400;\"><i class=\"vc_btn3-icon fas fa-user-graduate\"><\/i> C1 <\/span><\/a> <a class=\"btn btn-jarcha\" href=\"https:\/\/docs.google.com\/forms\/d\/e\/1FAIpQLScMlqLbAih6VOcu6jaiNdpp6wh9zkimMY9El8kqYbHZaRVInw\/viewform?usp=sf_link\" target=\"_blank\" rel=\"noopener\"><span style=\"font-weight: 400;\"><i class=\"vc_btn3-icon fas fa-user-graduate\"><\/i> C2 <\/span><\/a><\/p>\n","protected":false},"excerpt":{"rendered":"<p><span style=\"font-weight: 400;\">Preparati per il DELE in squadra<\/span><\/p>\n","protected":false},"featured_media":17798,"comment_status":"open","ping_status":"closed","template":"","meta":{"inline_featured_image":false,"_joinchat":[]},"product_brand":[],"product_cat":[933,496,497],"product_tag":[],"class_list":{"0":"post-12661","1":"product","2":"type-product","3":"status-publish","4":"has-post-thumbnail","6":"product_cat-altre-lezioni-in-piccolo-gruppo","7":"product_cat-ensenanza-it","8":"product_cat-ele-it","10":"first","11":"instock","12":"shipping-taxable","13":"purchasable","14":"product-type-variable"},"yoast_head":"<!-- This site is optimized with the Yoast SEO plugin v26.8 - https:\/\/yoast.com\/product\/yoast-seo-wordpress\/ -->\n<title>Spagnolo online - Preparazione per DELE per piccolo gruppo - Jarcha Espa\u00f1ol<\/title>\n<meta name=\"description\" content=\"Spagnolo online - Preparazione per DELE per piccolo gruppo - Jarcha Espa\u00f1ol - Espa\u00f1ol como Lengua Extranjera. Clases de espa\u00f1ol online.\" \/>\n<meta name=\"robots\" content=\"index, follow, max-snippet:-1, max-image-preview:large, max-video-preview:-1\" \/>\n<link rel=\"canonical\" href=\"https:\/\/jarchaespanol.com\/it\/servicios\/ensenanza-it\/ele-it\/altre-lezioni-in-piccolo-gruppo\/spagnolo-online-preparazione-al-dele-in-piccolo-gruppo\/\" \/>\n<meta property=\"og:locale\" content=\"it_IT\" \/>\n<meta property=\"og:type\" content=\"article\" \/>\n<meta property=\"og:title\" content=\"Spagnolo online - Preparazione per DELE per piccolo gruppo - Jarcha Espa\u00f1ol\" \/>\n<meta property=\"og:description\" content=\"Spagnolo online - Preparazione per DELE per piccolo gruppo - Jarcha Espa\u00f1ol - Espa\u00f1ol como Lengua Extranjera. Clases de espa\u00f1ol online.\" \/>\n<meta property=\"og:url\" content=\"https:\/\/jarchaespanol.com\/it\/servicios\/ensenanza-it\/ele-it\/altre-lezioni-in-piccolo-gruppo\/spagnolo-online-preparazione-al-dele-in-piccolo-gruppo\/\" \/>\n<meta property=\"og:site_name\" content=\"Jarcha Espa\u00f1ol\" \/>\n<meta property=\"article:modified_time\" content=\"2025-10-16T14:06:02+00:00\" \/>\n<meta property=\"og:image\" content=\"https:\/\/jarchaespanol.com\/wp-content\/uploads\/2024\/08\/PREP-AL-DELE-GR-ONLINE.png\" \/>\n\t<meta property=\"og:image:width\" content=\"500\" \/>\n\t<meta property=\"og:image:height\" content=\"500\" \/>\n\t<meta property=\"og:image:type\" content=\"image\/png\" \/>\n<meta name=\"twitter:card\" content=\"summary_large_image\" \/>\n<script type=\"application\/ld+json\" class=\"yoast-schema-graph\">{\"@context\":\"https:\/\/schema.org\",\"@graph\":[{\"@type\":\"WebPage\",\"@id\":\"https:\/\/jarchaespanol.com\/it\/servicios\/ensenanza-it\/ele-it\/altre-lezioni-in-piccolo-gruppo\/spagnolo-online-preparazione-al-dele-in-piccolo-gruppo\/\",\"url\":\"https:\/\/jarchaespanol.com\/it\/servicios\/ensenanza-it\/ele-it\/altre-lezioni-in-piccolo-gruppo\/spagnolo-online-preparazione-al-dele-in-piccolo-gruppo\/\",\"name\":\"Spagnolo online - Preparazione per DELE per piccolo gruppo - Jarcha Espa\u00f1ol\",\"isPartOf\":{\"@id\":\"https:\/\/jarchaespanol.com\/#website\"},\"primaryImageOfPage\":{\"@id\":\"https:\/\/jarchaespanol.com\/it\/servicios\/ensenanza-it\/ele-it\/altre-lezioni-in-piccolo-gruppo\/spagnolo-online-preparazione-al-dele-in-piccolo-gruppo\/#primaryimage\"},\"image\":{\"@id\":\"https:\/\/jarchaespanol.com\/it\/servicios\/ensenanza-it\/ele-it\/altre-lezioni-in-piccolo-gruppo\/spagnolo-online-preparazione-al-dele-in-piccolo-gruppo\/#primaryimage\"},\"thumbnailUrl\":\"https:\/\/jarchaespanol.com\/wp-content\/uploads\/2024\/08\/PREP-AL-DELE-GR-ONLINE.png\",\"datePublished\":\"2024-08-19T09:29:38+00:00\",\"dateModified\":\"2025-10-16T14:06:02+00:00\",\"description\":\"Spagnolo online - Preparazione per DELE per piccolo gruppo - Jarcha Espa\u00f1ol - Espa\u00f1ol como Lengua Extranjera. Clases de espa\u00f1ol online.\",\"breadcrumb\":{\"@id\":\"https:\/\/jarchaespanol.com\/it\/servicios\/ensenanza-it\/ele-it\/altre-lezioni-in-piccolo-gruppo\/spagnolo-online-preparazione-al-dele-in-piccolo-gruppo\/#breadcrumb\"},\"inLanguage\":\"it-IT\",\"potentialAction\":[{\"@type\":\"ReadAction\",\"target\":[\"https:\/\/jarchaespanol.com\/it\/servicios\/ensenanza-it\/ele-it\/altre-lezioni-in-piccolo-gruppo\/spagnolo-online-preparazione-al-dele-in-piccolo-gruppo\/\"]}]},{\"@type\":\"ImageObject\",\"inLanguage\":\"it-IT\",\"@id\":\"https:\/\/jarchaespanol.com\/it\/servicios\/ensenanza-it\/ele-it\/altre-lezioni-in-piccolo-gruppo\/spagnolo-online-preparazione-al-dele-in-piccolo-gruppo\/#primaryimage\",\"url\":\"https:\/\/jarchaespanol.com\/wp-content\/uploads\/2024\/08\/PREP-AL-DELE-GR-ONLINE.png\",\"contentUrl\":\"https:\/\/jarchaespanol.com\/wp-content\/uploads\/2024\/08\/PREP-AL-DELE-GR-ONLINE.png\",\"width\":500,\"height\":500},{\"@type\":\"BreadcrumbList\",\"@id\":\"https:\/\/jarchaespanol.com\/it\/servicios\/ensenanza-it\/ele-it\/altre-lezioni-in-piccolo-gruppo\/spagnolo-online-preparazione-al-dele-in-piccolo-gruppo\/#breadcrumb\",\"itemListElement\":[{\"@type\":\"ListItem\",\"position\":1,\"name\":\"Home\",\"item\":\"https:\/\/jarchaespanol.com\/\"},{\"@type\":\"ListItem\",\"position\":2,\"name\":\"Negozio\",\"item\":\"https:\/\/jarchaespanol.com\/tienda\/\"},{\"@type\":\"ListItem\",\"position\":3,\"name\":\"Spagnolo online &#8211; Preparazione per DELE per piccolo gruppo\"}]},{\"@type\":\"WebSite\",\"@id\":\"https:\/\/jarchaespanol.com\/#website\",\"url\":\"https:\/\/jarchaespanol.com\/\",\"name\":\"Jarcha Espa\u00f1ol\",\"description\":\"Plataforma en l\u00ednea especializada en la comunicaci\u00f3n y en la formaci\u00f3n en espa\u00f1ol. Aprende espa\u00f1ol online.\",\"publisher\":{\"@id\":\"https:\/\/jarchaespanol.com\/#organization\"},\"potentialAction\":[{\"@type\":\"SearchAction\",\"target\":{\"@type\":\"EntryPoint\",\"urlTemplate\":\"https:\/\/jarchaespanol.com\/?s={search_term_string}\"},\"query-input\":{\"@type\":\"PropertyValueSpecification\",\"valueRequired\":true,\"valueName\":\"search_term_string\"}}],\"inLanguage\":\"it-IT\"},{\"@type\":\"Organization\",\"@id\":\"https:\/\/jarchaespanol.com\/#organization\",\"name\":\"Jarcha Espa\u00f1ol\",\"url\":\"https:\/\/jarchaespanol.com\/\",\"logo\":{\"@type\":\"ImageObject\",\"inLanguage\":\"it-IT\",\"@id\":\"https:\/\/jarchaespanol.com\/#\/schema\/logo\/image\/\",\"url\":\"https:\/\/jarchaespanol.com\/wp-content\/uploads\/2022\/03\/logo-factura-2.png\",\"contentUrl\":\"https:\/\/jarchaespanol.com\/wp-content\/uploads\/2022\/03\/logo-factura-2.png\",\"width\":474,\"height\":177,\"caption\":\"Jarcha Espa\u00f1ol\"},\"image\":{\"@id\":\"https:\/\/jarchaespanol.com\/#\/schema\/logo\/image\/\"}}]}<\/script>\n<!-- \/ Yoast SEO plugin. -->","yoast_head_json":{"title":"Spagnolo online - Preparazione per DELE per piccolo gruppo - Jarcha Espa\u00f1ol","description":"Spagnolo online - Preparazione per DELE per piccolo gruppo - Jarcha Espa\u00f1ol - Espa\u00f1ol como Lengua Extranjera. Clases de espa\u00f1ol online.","robots":{"index":"index","follow":"follow","max-snippet":"max-snippet:-1","max-image-preview":"max-image-preview:large","max-video-preview":"max-video-preview:-1"},"canonical":"https:\/\/jarchaespanol.com\/it\/servicios\/ensenanza-it\/ele-it\/altre-lezioni-in-piccolo-gruppo\/spagnolo-online-preparazione-al-dele-in-piccolo-gruppo\/","og_locale":"it_IT","og_type":"article","og_title":"Spagnolo online - Preparazione per DELE per piccolo gruppo - Jarcha Espa\u00f1ol","og_description":"Spagnolo online - Preparazione per DELE per piccolo gruppo - Jarcha Espa\u00f1ol - Espa\u00f1ol como Lengua Extranjera. Clases de espa\u00f1ol online.","og_url":"https:\/\/jarchaespanol.com\/it\/servicios\/ensenanza-it\/ele-it\/altre-lezioni-in-piccolo-gruppo\/spagnolo-online-preparazione-al-dele-in-piccolo-gruppo\/","og_site_name":"Jarcha Espa\u00f1ol","article_modified_time":"2025-10-16T14:06:02+00:00","og_image":[{"width":500,"height":500,"url":"https:\/\/jarchaespanol.com\/wp-content\/uploads\/2024\/08\/PREP-AL-DELE-GR-ONLINE.png","type":"image\/png"}],"twitter_card":"summary_large_image","schema":{"@context":"https:\/\/schema.org","@graph":[{"@type":"WebPage","@id":"https:\/\/jarchaespanol.com\/it\/servicios\/ensenanza-it\/ele-it\/altre-lezioni-in-piccolo-gruppo\/spagnolo-online-preparazione-al-dele-in-piccolo-gruppo\/","url":"https:\/\/jarchaespanol.com\/it\/servicios\/ensenanza-it\/ele-it\/altre-lezioni-in-piccolo-gruppo\/spagnolo-online-preparazione-al-dele-in-piccolo-gruppo\/","name":"Spagnolo online - Preparazione per DELE per piccolo gruppo - Jarcha Espa\u00f1ol","isPartOf":{"@id":"https:\/\/jarchaespanol.com\/#website"},"primaryImageOfPage":{"@id":"https:\/\/jarchaespanol.com\/it\/servicios\/ensenanza-it\/ele-it\/altre-lezioni-in-piccolo-gruppo\/spagnolo-online-preparazione-al-dele-in-piccolo-gruppo\/#primaryimage"},"image":{"@id":"https:\/\/jarchaespanol.com\/it\/servicios\/ensenanza-it\/ele-it\/altre-lezioni-in-piccolo-gruppo\/spagnolo-online-preparazione-al-dele-in-piccolo-gruppo\/#primaryimage"},"thumbnailUrl":"https:\/\/jarchaespanol.com\/wp-content\/uploads\/2024\/08\/PREP-AL-DELE-GR-ONLINE.png","datePublished":"2024-08-19T09:29:38+00:00","dateModified":"2025-10-16T14:06:02+00:00","description":"Spagnolo online - Preparazione per DELE per piccolo gruppo - Jarcha Espa\u00f1ol - Espa\u00f1ol como Lengua Extranjera. Clases de espa\u00f1ol online.","breadcrumb":{"@id":"https:\/\/jarchaespanol.com\/it\/servicios\/ensenanza-it\/ele-it\/altre-lezioni-in-piccolo-gruppo\/spagnolo-online-preparazione-al-dele-in-piccolo-gruppo\/#breadcrumb"},"inLanguage":"it-IT","potentialAction":[{"@type":"ReadAction","target":["https:\/\/jarchaespanol.com\/it\/servicios\/ensenanza-it\/ele-it\/altre-lezioni-in-piccolo-gruppo\/spagnolo-online-preparazione-al-dele-in-piccolo-gruppo\/"]}]},{"@type":"ImageObject","inLanguage":"it-IT","@id":"https:\/\/jarchaespanol.com\/it\/servicios\/ensenanza-it\/ele-it\/altre-lezioni-in-piccolo-gruppo\/spagnolo-online-preparazione-al-dele-in-piccolo-gruppo\/#primaryimage","url":"https:\/\/jarchaespanol.com\/wp-content\/uploads\/2024\/08\/PREP-AL-DELE-GR-ONLINE.png","contentUrl":"https:\/\/jarchaespanol.com\/wp-content\/uploads\/2024\/08\/PREP-AL-DELE-GR-ONLINE.png","width":500,"height":500},{"@type":"BreadcrumbList","@id":"https:\/\/jarchaespanol.com\/it\/servicios\/ensenanza-it\/ele-it\/altre-lezioni-in-piccolo-gruppo\/spagnolo-online-preparazione-al-dele-in-piccolo-gruppo\/#breadcrumb","itemListElement":[{"@type":"ListItem","position":1,"name":"Home","item":"https:\/\/jarchaespanol.com\/"},{"@type":"ListItem","position":2,"name":"Negozio","item":"https:\/\/jarchaespanol.com\/tienda\/"},{"@type":"ListItem","position":3,"name":"Spagnolo online &#8211; Preparazione per DELE per piccolo gruppo"}]},{"@type":"WebSite","@id":"https:\/\/jarchaespanol.com\/#website","url":"https:\/\/jarchaespanol.com\/","name":"Jarcha Espa\u00f1ol","description":"Plataforma en l\u00ednea especializada en la comunicaci\u00f3n y en la formaci\u00f3n en espa\u00f1ol. Aprende espa\u00f1ol online.","publisher":{"@id":"https:\/\/jarchaespanol.com\/#organization"},"potentialAction":[{"@type":"SearchAction","target":{"@type":"EntryPoint","urlTemplate":"https:\/\/jarchaespanol.com\/?s={search_term_string}"},"query-input":{"@type":"PropertyValueSpecification","valueRequired":true,"valueName":"search_term_string"}}],"inLanguage":"it-IT"},{"@type":"Organization","@id":"https:\/\/jarchaespanol.com\/#organization","name":"Jarcha Espa\u00f1ol","url":"https:\/\/jarchaespanol.com\/","logo":{"@type":"ImageObject","inLanguage":"it-IT","@id":"https:\/\/jarchaespanol.com\/#\/schema\/logo\/image\/","url":"https:\/\/jarchaespanol.com\/wp-content\/uploads\/2022\/03\/logo-factura-2.png","contentUrl":"https:\/\/jarchaespanol.com\/wp-content\/uploads\/2022\/03\/logo-factura-2.png","width":474,"height":177,"caption":"Jarcha Espa\u00f1ol"},"image":{"@id":"https:\/\/jarchaespanol.com\/#\/schema\/logo\/image\/"}}]}},"_links":{"self":[{"href":"https:\/\/jarchaespanol.com\/it\/wp-json\/wp\/v2\/product\/12661","targetHints":{"allow":["GET"]}}],"collection":[{"href":"https:\/\/jarchaespanol.com\/it\/wp-json\/wp\/v2\/product"}],"about":[{"href":"https:\/\/jarchaespanol.com\/it\/wp-json\/wp\/v2\/types\/product"}],"replies":[{"embeddable":true,"href":"https:\/\/jarchaespanol.com\/it\/wp-json\/wp\/v2\/comments?post=12661"}],"wp:featuredmedia":[{"embeddable":true,"href":"https:\/\/jarchaespanol.com\/it\/wp-json\/wp\/v2\/media\/17798"}],"wp:attachment":[{"href":"https:\/\/jarchaespanol.com\/it\/wp-json\/wp\/v2\/media?parent=12661"}],"wp:term":[{"taxonomy":"product_brand","embeddable":true,"href":"https:\/\/jarchaespanol.com\/it\/wp-json\/wp\/v2\/product_brand?post=12661"},{"taxonomy":"product_cat","embeddable":true,"href":"https:\/\/jarchaespanol.com\/it\/wp-json\/wp\/v2\/product_cat?post=12661"},{"taxonomy":"product_tag","embeddable":true,"href":"https:\/\/jarchaespanol.com\/it\/wp-json\/wp\/v2\/product_tag?post=12661"}],"curies":[{"name":"wp","href":"https:\/\/api.w.org\/{rel}","templated":true}]}}