{"id":12849,"date":"2024-09-04T12:08:14","date_gmt":"2024-09-04T10:08:14","guid":{"rendered":"https:\/\/jarchaespanol.com\/?post_type=product&#038;p=12849"},"modified":"2024-10-31T00:05:28","modified_gmt":"2024-10-30T23:05:28","slug":"spagnolo-in-presenza-corsi-in-piccolo-gruppo","status":"publish","type":"product","link":"https:\/\/jarchaespanol.com\/it\/servicios\/senza-categoria\/spagnolo-in-presenza-corsi-in-piccolo-gruppo\/","title":{"rendered":"Spagnolo in presenza &#8211; Corsi in piccolo gruppo"},"content":{"rendered":"<p>Se risiedi a Vigo temporaneamente o indefinitamente, sia per motivi <strong>accademici<\/strong> che di <strong>lavoro<\/strong>, e desideri aumentare o perfezionare le tue conoscenze di spagnolo, ti consigliamo i nostri corsi di spagnolo in presenza in <strong>piccolo gruppo<\/strong>. Oltre a essere in contatto e interagire con studenti del tuo stesso livello, svolgeremo attivit\u00e0 extracurriculari fuori dall\u2019aula affinch\u00e9 il tuo apprendimento sia completato dalla conoscenza dell\u2019ambiente e della cultura locali.<br \/>\nQuesti corsi sono anche ideali per piccoli gruppi di <strong>amici o familiari<\/strong> (da 2 a 4 persone) che vogliono studiare insieme. Questa opzione imparare in modo pi\u00f9 piacevole e crea una routine interessante praticando insieme al di fuori delle lezioni, fondamentale per migliorare la fluidit\u00e0 e la sicurezza nell&#8217;uso della lingua.<br \/>\nE, come in tutte le nostre modalit\u00e0 di insegnamento, il nostro team docente sar\u00e0 sempre attento ai tuoi progressi per garantirti il raggiungimento dei tuoi obiettivi comunicativi personali. Compila questo <span style=\"color: #882437;\"><a style=\"color: #882437;\" href=\"https:\/\/docs.google.com\/forms\/d\/1fNMgl59rMvu92otcpYmIsab89Cs2oUtn6u89al5iw0c\/\" target=\"_blank\" rel=\"noopener\"><strong>modulo<\/strong><\/a><\/span> e, quando il tuo gruppo sar\u00e0 completo, ti contatteremo via e-mail per completare l\u2019iscrizione e il pagamento tramite il nostro sito web.<\/p>\n<p>&nbsp;<\/p>\n<div class=\"lightweight-accordion bordered\"><details><summary class=\"lightweight-accordion-title\"><span><b>CORSO IN GRUPPO DI LIVELLO BASE A1-A2<\/b><\/span><\/summary><div class=\"lightweight-accordion-body\"><p><span style=\"font-weight: 400;\">Conformemente alla definizione del QCER (Quadro comune europeo di riferimento per le lingue), \u00abGli studenti che hanno superato il livello base sono in grado di comprendere frasi ed espressioni di uso frequente, relative ad aree di esperienza che sono particolarmente rilevanti per loro (informazioni di base su se stessi e la loro famiglia, shopping, luoghi di interesse, occupazioni, ecc.). Inoltre, sa comunicarsi nello svolgimento di compiti semplici e quotidiani che non richiedono altro che semplici e diretti scambi di informazioni su questioni che le sono note e su questioni relative alle sue necessit\u00e0 immediate\u00bb.<\/span><\/p>\n<p>La durata minima di questo corso \u00e8 di 5 mesi, espandibile a tempo indeterminato fino a raggiungere i fondamenti comunicativi minimi richiesti per questo livello.<br \/>\nI contenuti saranno insegnati in 2 sessioni settimanali di 120 minuti.<\/p>\n<p><span style=\"font-weight: 400;\">\u00a0<\/span><span style=\"font-weight: 400;\">Il prezzo del corso include materiale didattico in formato word, jpg e pdf e risorse multimediali liberamente accessibili.<\/span><\/p>\n<p><a class=\"btn btn-jarcha\" href=\"https:\/\/jarchaespanol.com\/wp-content\/uploads\/2022\/06\/temporalizacion_contenidos_basico.pdf\" target=\"_blank\" rel=\"noopener\"><span style=\"font-weight: 400;\"> &gt; Tempi e contenuti<\/span><\/a><\/p>\n<p>&nbsp;<\/p>\n<\/div><\/details><\/div>\n<div class=\"lightweight-accordion bordered\"><details><summary class=\"lightweight-accordion-title\"><span><b>CORSO IN GRUPPO DI LIVELLO INTERMEDIO B1<\/b><\/span><\/summary><div class=\"lightweight-accordion-body\"><p><span style=\"font-weight: 400;\">Conformemente alla definizione del QCER (Quadro comune europeo di riferimento per le lingue), lo studente di livello B1 \u00ab\u00e8 in grado di comprendere i punti essenziali di un discorso chiaro, su argomenti familiari che si incontrano regolarmente a lavoro, scuola o nel tempo libero. \u00c8 in grado di affrontare situazioni che possono verificarsi durante un viaggio, in zone in cui si parla la lingua in questione. \u00c8 in grado di produrre un discorso semplice e coerente su argomenti familiari o di personale interesse. \u00c8 in grado di descrivere esperienze ed eventi, speranze e ambizioni, cos\u00ec come opinioni o piani a breve termine\u00bb.<\/span><\/p>\n<p>&nbsp;<\/p>\n<p>Il livello B1 \u00e8 composto da due corsi: Intermedio B1.1 e Intermedio B1.2. La durata minima stabilita per i due blocchi \u00e8 di 7 mesi, espandibile a tempo indeterminato fino a raggiungere i fondamenti comunicativi minimi richiesti per questo livello.<br \/>\nI contenuti saranno insegnati in 2 sessioni settimanali di 120 minuti.<\/p>\n<p><span style=\"font-weight: 400;\">Il prezzo del corso include materiale didattico in formato word, jpg e pdf e risorse multimediali liberamente accessibili.<\/span><\/p>\n<p>&nbsp;<\/p>\n<p><a class=\"btn btn-jarcha\" href=\"https:\/\/jarchaespanol.com\/wp-content\/uploads\/2022\/06\/temporalizacion_contenidos_b1.pdf\" target=\"_blank\" rel=\"noopener\"><span style=\"font-weight: 400;\"> &gt; Tempi e contenuti<\/span><\/a><\/p>\n<p>&nbsp;<\/p>\n<\/div><\/details><\/div>\n<div class=\"lightweight-accordion bordered\"><details><summary class=\"lightweight-accordion-title\"><span><b>CORSO IN GRUPPO DI LIVELLO INTERMEDIO B2<\/b><\/span><\/summary><div class=\"lightweight-accordion-body\"><p><span style=\"font-weight: 400;\">Conformemente alla definizione del QCER (Quadro comune europeo di riferimento per le lingue), lo studente di livello B2 \u00ab\u00e8 in grado di comprendere i punti chiave di un discorso complesso, riguardo sia temi concreti sia astratti, includendo argomentazioni tecniche nel proprio campo di specializzazione.\u00a0 \u00c8 in grado di difendersi nella maggior parte delle situazioni che possono sorgere quando si viaggia in una zona dove si parla la lingua oggetto di studio. \u00c8 in grado di produrre testi semplici su temi quotidiani o di interesse personale, su esperienze ed eventi, speranze e ambizioni, cos\u00ec come opinioni o piani a breve termine\u00bb.<\/span><\/p>\n<p>&nbsp;<\/p>\n<p>Il livello B2 \u00e8 composto da due corsi: Intermedio B2.1 e Intermedio B2.2. La durata minima stabilita per i due blocchi \u00e8 di 6 mesi, espandibile a tempo indeterminato fino a raggiungere i fondamenti comunicativi minimi richiesti per questo livello.<\/p>\n<p><span style=\"font-weight: 400;\">Il prezzo del corso include materiale didattico in formato word, jpg e pdf e risorse multimediali liberamente accessibili.<\/span><\/p>\n<p>&nbsp;<\/p>\n<p><a class=\"btn btn-jarcha\" href=\"https:\/\/jarchaespanol.com\/wp-content\/uploads\/2022\/06\/temporalizacion_contenidos_b2.pdf\" target=\"_blank\" rel=\"noopener\"><span style=\"font-weight: 400;\"> &gt; Tempi e contenuti<\/span><\/a><\/p>\n<p>&nbsp;<\/p>\n<\/div><\/details><\/div>\n<div class=\"lightweight-accordion bordered\"><details><summary class=\"lightweight-accordion-title\"><span><b>CORSO IN GRUPPO DI LIVELLO AVANZATO C1<\/b><\/span><\/summary><div class=\"lightweight-accordion-body\"><p><span style=\"font-weight: 400;\">Nel QCER, il livello C1 \u00e8 chiamato Autonomia. Per raggiungere questo livello, lo studente deve essere in grado di comprendere un&#8217;ampia variet\u00e0 di testi, sia orali che scritti, con un certo livello di esigenza, ed essere in grado di riconoscere in essi i sensi impliciti.<\/span><\/p>\n<p><span style=\"font-weight: 400;\">Dovr\u00e0 saper esprimersi in modo fluido e spontaneo, fare un uso flessibile ed efficace della lingua per scopi sociali, accademici e professionali e produrre testi chiari, ben strutturati e dettagliati su temi di una certa complessit\u00e0, mostrando un uso corretto dei meccanismi di organizzazione, articolazione e coesione del testo.<\/span><\/p>\n<p><span style=\"font-weight: 400;\">La differenza pi\u00f9 evidente tra questo livello e quelli precedenti \u00e8 l&#8217;acquisizione di un repertorio linguistico ampio che consenta una comunicazione fluida e spontanea. Questa maggiore facilit\u00e0 di comunicazione deve essere basata sulle competenze linguistiche acquisite nei livelli precedenti.<\/span><\/p>\n<p><span style=\"font-weight: 400;\">L&#8217;autonomia nell&#8217;apprendimento \u00e8 un altro pilastro di questo livello e deve essere elevata, poich\u00e9 gli studenti possiedono gli strumenti e le conoscenze sufficienti per poter avanzare da soli, oltre a seguire le istruzioni degli insegnanti. La pratica in classe non sar\u00e0 sufficiente, quindi dovrai cercare e sfruttare tutte le opportunit\u00e0 a tua disposizione per sviluppare le competenze acquisite in classe.<\/span><\/p>\n<p>La durata minima stabilita per questo corso \u00e8 di 5 mesi, prorogabile a tempo indeterminato.<br \/>\nI contenuti saranno insegnati in 2 sessioni settimanali di 120 minuti.<\/p>\n<p><span style=\"font-weight: 400;\">Il prezzo del corso include materiale didattico in formato word, jpg e pdf e risorse multimediali liberamente accessibili.<\/span><\/p>\n<p>&nbsp;<\/p>\n<p><a class=\"btn btn-jarcha\" href=\"https:\/\/jarchaespanol.com\/wp-content\/uploads\/2022\/06\/temporalizacion_contenidos_c1.pdf\" target=\"_blank\" rel=\"noopener\"><span style=\"font-weight: 400;\"> &gt; Tempi e contenuti<\/span><\/a><\/p>\n<p>&nbsp;<\/p>\n<\/div><\/details><\/div>\n<p>&nbsp;<\/p>\n<p><b>Test de nivel<\/b><br \/>\n<a class=\"btn btn-jarcha\" href=\"https:\/\/docs.google.com\/forms\/d\/e\/1FAIpQLScMyzM92U1yRd7pyrAY6iNldme-eUzGKpzMkl9ZJUN072zVHw\/viewform?usp=sf_link\" target=\"_blank\" rel=\"noopener\"><span style=\"font-weight: 400;\"><i class=\"vc_btn3-icon fas fa-user-graduate\"><\/i> A1 <\/span><\/a> <a class=\"btn btn-jarcha\" href=\"https:\/\/docs.google.com\/forms\/d\/e\/1FAIpQLSctisEsdQt-A4UJe0KuWHLCDoTzLtXFWelAQNoauRGeyPcSUg\/viewform?usp=sf_link\" target=\"_blank\" rel=\"noopener\"><span style=\"font-weight: 400;\"><i class=\"vc_btn3-icon fas fa-user-graduate\"><\/i> A2 <\/span><\/a> <a class=\"btn btn-jarcha\" href=\"https:\/\/docs.google.com\/forms\/d\/e\/1FAIpQLSdNGeGMzvjiXYDQWm0ySq6zpqES6g3MFOjMnaYxYUgCeI3M7A\/viewform?usp=sf_link\" target=\"_blank\" rel=\"noopener\"><span style=\"font-weight: 400;\"><i class=\"vc_btn3-icon fas fa-user-graduate\"><\/i> B1 <\/span><\/a> <a class=\"btn btn-jarcha\" href=\"https:\/\/docs.google.com\/forms\/d\/e\/1FAIpQLSfHj2JP1zE2D1FUPS_FbH0zTUNzAJ1CEopeBKifrEwm5nMmsw\/viewform?usp=sf_link\" target=\"_blank\" rel=\"noopener\"><span style=\"font-weight: 400;\"><i class=\"vc_btn3-icon fas fa-user-graduate\"><\/i> B2 <\/span><\/a> <a class=\"btn btn-jarcha\" href=\"https:\/\/docs.google.com\/forms\/d\/e\/1FAIpQLSeUgWtLVaOwNh7sbMlg0a7C-zQG3OhJkbzS22VtItOdw6IVCQ\/viewform?usp=sf_link\" target=\"_blank\" rel=\"noopener\"><span style=\"font-weight: 400;\"><i class=\"vc_btn3-icon fas fa-user-graduate\"><\/i> C1 <\/span><\/a> <a class=\"btn btn-jarcha\" href=\"https:\/\/docs.google.com\/forms\/d\/e\/1FAIpQLScMlqLbAih6VOcu6jaiNdpp6wh9zkimMY9El8kqYbHZaRVInw\/viewform?usp=sf_link\" target=\"_blank\" rel=\"noopener\"><span style=\"font-weight: 400;\"><i class=\"vc_btn3-icon fas fa-user-graduate\"><\/i> C2 <\/span><\/a><\/p>\n","protected":false},"excerpt":{"rendered":"<div class=\"page\" title=\"Page 14\">\n<div class=\"layoutArea\">\n<div class=\"column\">\n<p>Aumento delle competenze linguistiche attraverso l&#8217;interazione di grupo<\/p>\n<\/div>\n<\/div>\n<\/div>\n","protected":false},"featured_media":6083,"comment_status":"open","ping_status":"closed","template":"","meta":{"inline_featured_image":false,"_joinchat":[]},"product_brand":[],"product_cat":[],"product_tag":[],"class_list":{"0":"post-12849","1":"product","2":"type-product","3":"status-publish","4":"has-post-thumbnail","7":"first","8":"instock","9":"shipping-taxable","10":"purchasable","11":"product-type-variable-subscription"},"yoast_head":"<!-- This site is optimized with the Yoast SEO plugin v26.8 - https:\/\/yoast.com\/product\/yoast-seo-wordpress\/ -->\n<title>Spagnolo in presenza - Corsi in piccolo gruppo - Jarcha Espa\u00f1ol<\/title>\n<meta name=\"description\" content=\"Spagnolo in presenza - Corsi in piccolo gruppo - Jarcha Espa\u00f1ol - Espa\u00f1ol como Lengua Extranjera. Clases de espa\u00f1ol online.\" \/>\n<meta name=\"robots\" content=\"index, follow, max-snippet:-1, max-image-preview:large, max-video-preview:-1\" \/>\n<link rel=\"canonical\" href=\"https:\/\/jarchaespanol.com\/it\/servicios\/senza-categoria\/spagnolo-in-presenza-corsi-in-piccolo-gruppo\/\" \/>\n<meta property=\"og:locale\" content=\"it_IT\" \/>\n<meta property=\"og:type\" content=\"article\" \/>\n<meta property=\"og:title\" content=\"Spagnolo in presenza - Corsi in piccolo gruppo - Jarcha Espa\u00f1ol\" \/>\n<meta property=\"og:description\" content=\"Spagnolo in presenza - Corsi in piccolo gruppo - Jarcha Espa\u00f1ol - Espa\u00f1ol como Lengua Extranjera. Clases de espa\u00f1ol online.\" \/>\n<meta property=\"og:url\" content=\"https:\/\/jarchaespanol.com\/it\/servicios\/ensenanza-it\/spagnolo-in-presenza\/lezioni-in-piccolo-gruppo-it\/spagnolo-in-presenza-corsi-in-piccolo-gruppo\/\" \/>\n<meta property=\"og:site_name\" content=\"Jarcha Espa\u00f1ol\" \/>\n<meta property=\"article:modified_time\" content=\"2024-10-30T23:05:28+00:00\" \/>\n<meta property=\"og:image\" content=\"https:\/\/jarchaespanol.com\/wp-content\/uploads\/2022\/06\/curso-espanol-grupo.png\" \/>\n\t<meta property=\"og:image:width\" content=\"600\" \/>\n\t<meta property=\"og:image:height\" content=\"600\" \/>\n\t<meta property=\"og:image:type\" content=\"image\/png\" \/>\n<meta name=\"twitter:card\" content=\"summary_large_image\" \/>\n<script type=\"application\/ld+json\" class=\"yoast-schema-graph\">{\"@context\":\"https:\/\/schema.org\",\"@graph\":[{\"@type\":\"WebPage\",\"@id\":\"https:\/\/jarchaespanol.com\/it\/servicios\/ensenanza-it\/spagnolo-in-presenza\/lezioni-in-piccolo-gruppo-it\/spagnolo-in-presenza-corsi-in-piccolo-gruppo\/\",\"url\":\"https:\/\/jarchaespanol.com\/it\/servicios\/ensenanza-it\/spagnolo-in-presenza\/lezioni-in-piccolo-gruppo-it\/spagnolo-in-presenza-corsi-in-piccolo-gruppo\/\",\"name\":\"Spagnolo in presenza - Corsi in piccolo gruppo - Jarcha Espa\u00f1ol\",\"isPartOf\":{\"@id\":\"https:\/\/jarchaespanol.com\/#website\"},\"primaryImageOfPage\":{\"@id\":\"https:\/\/jarchaespanol.com\/it\/servicios\/ensenanza-it\/spagnolo-in-presenza\/lezioni-in-piccolo-gruppo-it\/spagnolo-in-presenza-corsi-in-piccolo-gruppo\/#primaryimage\"},\"image\":{\"@id\":\"https:\/\/jarchaespanol.com\/it\/servicios\/ensenanza-it\/spagnolo-in-presenza\/lezioni-in-piccolo-gruppo-it\/spagnolo-in-presenza-corsi-in-piccolo-gruppo\/#primaryimage\"},\"thumbnailUrl\":\"https:\/\/jarchaespanol.com\/wp-content\/uploads\/2022\/06\/curso-espanol-grupo.png\",\"datePublished\":\"2024-09-04T10:08:14+00:00\",\"dateModified\":\"2024-10-30T23:05:28+00:00\",\"description\":\"Spagnolo in presenza - Corsi in piccolo gruppo - Jarcha Espa\u00f1ol - Espa\u00f1ol como Lengua Extranjera. Clases de espa\u00f1ol online.\",\"breadcrumb\":{\"@id\":\"https:\/\/jarchaespanol.com\/it\/servicios\/ensenanza-it\/spagnolo-in-presenza\/lezioni-in-piccolo-gruppo-it\/spagnolo-in-presenza-corsi-in-piccolo-gruppo\/#breadcrumb\"},\"inLanguage\":\"it-IT\",\"potentialAction\":[{\"@type\":\"ReadAction\",\"target\":[\"https:\/\/jarchaespanol.com\/it\/servicios\/ensenanza-it\/spagnolo-in-presenza\/lezioni-in-piccolo-gruppo-it\/spagnolo-in-presenza-corsi-in-piccolo-gruppo\/\"]}]},{\"@type\":\"ImageObject\",\"inLanguage\":\"it-IT\",\"@id\":\"https:\/\/jarchaespanol.com\/it\/servicios\/ensenanza-it\/spagnolo-in-presenza\/lezioni-in-piccolo-gruppo-it\/spagnolo-in-presenza-corsi-in-piccolo-gruppo\/#primaryimage\",\"url\":\"https:\/\/jarchaespanol.com\/wp-content\/uploads\/2022\/06\/curso-espanol-grupo.png\",\"contentUrl\":\"https:\/\/jarchaespanol.com\/wp-content\/uploads\/2022\/06\/curso-espanol-grupo.png\",\"width\":600,\"height\":600},{\"@type\":\"BreadcrumbList\",\"@id\":\"https:\/\/jarchaespanol.com\/it\/servicios\/ensenanza-it\/spagnolo-in-presenza\/lezioni-in-piccolo-gruppo-it\/spagnolo-in-presenza-corsi-in-piccolo-gruppo\/#breadcrumb\",\"itemListElement\":[{\"@type\":\"ListItem\",\"position\":1,\"name\":\"Home\",\"item\":\"https:\/\/jarchaespanol.com\/\"},{\"@type\":\"ListItem\",\"position\":2,\"name\":\"Negozio\",\"item\":\"https:\/\/jarchaespanol.com\/tienda\/\"},{\"@type\":\"ListItem\",\"position\":3,\"name\":\"Spagnolo in presenza &#8211; Corsi in piccolo gruppo\"}]},{\"@type\":\"WebSite\",\"@id\":\"https:\/\/jarchaespanol.com\/#website\",\"url\":\"https:\/\/jarchaespanol.com\/\",\"name\":\"Jarcha Espa\u00f1ol\",\"description\":\"Plataforma en l\u00ednea especializada en la comunicaci\u00f3n y en la formaci\u00f3n en espa\u00f1ol. Aprende espa\u00f1ol online.\",\"publisher\":{\"@id\":\"https:\/\/jarchaespanol.com\/#organization\"},\"potentialAction\":[{\"@type\":\"SearchAction\",\"target\":{\"@type\":\"EntryPoint\",\"urlTemplate\":\"https:\/\/jarchaespanol.com\/?s={search_term_string}\"},\"query-input\":{\"@type\":\"PropertyValueSpecification\",\"valueRequired\":true,\"valueName\":\"search_term_string\"}}],\"inLanguage\":\"it-IT\"},{\"@type\":\"Organization\",\"@id\":\"https:\/\/jarchaespanol.com\/#organization\",\"name\":\"Jarcha Espa\u00f1ol\",\"url\":\"https:\/\/jarchaespanol.com\/\",\"logo\":{\"@type\":\"ImageObject\",\"inLanguage\":\"it-IT\",\"@id\":\"https:\/\/jarchaespanol.com\/#\/schema\/logo\/image\/\",\"url\":\"https:\/\/jarchaespanol.com\/wp-content\/uploads\/2022\/03\/logo-factura-2.png\",\"contentUrl\":\"https:\/\/jarchaespanol.com\/wp-content\/uploads\/2022\/03\/logo-factura-2.png\",\"width\":474,\"height\":177,\"caption\":\"Jarcha Espa\u00f1ol\"},\"image\":{\"@id\":\"https:\/\/jarchaespanol.com\/#\/schema\/logo\/image\/\"}}]}<\/script>\n<!-- \/ Yoast SEO plugin. -->","yoast_head_json":{"title":"Spagnolo in presenza - Corsi in piccolo gruppo - Jarcha Espa\u00f1ol","description":"Spagnolo in presenza - Corsi in piccolo gruppo - Jarcha Espa\u00f1ol - Espa\u00f1ol como Lengua Extranjera. Clases de espa\u00f1ol online.","robots":{"index":"index","follow":"follow","max-snippet":"max-snippet:-1","max-image-preview":"max-image-preview:large","max-video-preview":"max-video-preview:-1"},"canonical":"https:\/\/jarchaespanol.com\/it\/servicios\/senza-categoria\/spagnolo-in-presenza-corsi-in-piccolo-gruppo\/","og_locale":"it_IT","og_type":"article","og_title":"Spagnolo in presenza - Corsi in piccolo gruppo - Jarcha Espa\u00f1ol","og_description":"Spagnolo in presenza - Corsi in piccolo gruppo - Jarcha Espa\u00f1ol - Espa\u00f1ol como Lengua Extranjera. Clases de espa\u00f1ol online.","og_url":"https:\/\/jarchaespanol.com\/it\/servicios\/ensenanza-it\/spagnolo-in-presenza\/lezioni-in-piccolo-gruppo-it\/spagnolo-in-presenza-corsi-in-piccolo-gruppo\/","og_site_name":"Jarcha Espa\u00f1ol","article_modified_time":"2024-10-30T23:05:28+00:00","og_image":[{"width":600,"height":600,"url":"https:\/\/jarchaespanol.com\/wp-content\/uploads\/2022\/06\/curso-espanol-grupo.png","type":"image\/png"}],"twitter_card":"summary_large_image","schema":{"@context":"https:\/\/schema.org","@graph":[{"@type":"WebPage","@id":"https:\/\/jarchaespanol.com\/it\/servicios\/ensenanza-it\/spagnolo-in-presenza\/lezioni-in-piccolo-gruppo-it\/spagnolo-in-presenza-corsi-in-piccolo-gruppo\/","url":"https:\/\/jarchaespanol.com\/it\/servicios\/ensenanza-it\/spagnolo-in-presenza\/lezioni-in-piccolo-gruppo-it\/spagnolo-in-presenza-corsi-in-piccolo-gruppo\/","name":"Spagnolo in presenza - Corsi in piccolo gruppo - Jarcha Espa\u00f1ol","isPartOf":{"@id":"https:\/\/jarchaespanol.com\/#website"},"primaryImageOfPage":{"@id":"https:\/\/jarchaespanol.com\/it\/servicios\/ensenanza-it\/spagnolo-in-presenza\/lezioni-in-piccolo-gruppo-it\/spagnolo-in-presenza-corsi-in-piccolo-gruppo\/#primaryimage"},"image":{"@id":"https:\/\/jarchaespanol.com\/it\/servicios\/ensenanza-it\/spagnolo-in-presenza\/lezioni-in-piccolo-gruppo-it\/spagnolo-in-presenza-corsi-in-piccolo-gruppo\/#primaryimage"},"thumbnailUrl":"https:\/\/jarchaespanol.com\/wp-content\/uploads\/2022\/06\/curso-espanol-grupo.png","datePublished":"2024-09-04T10:08:14+00:00","dateModified":"2024-10-30T23:05:28+00:00","description":"Spagnolo in presenza - Corsi in piccolo gruppo - Jarcha Espa\u00f1ol - Espa\u00f1ol como Lengua Extranjera. Clases de espa\u00f1ol online.","breadcrumb":{"@id":"https:\/\/jarchaespanol.com\/it\/servicios\/ensenanza-it\/spagnolo-in-presenza\/lezioni-in-piccolo-gruppo-it\/spagnolo-in-presenza-corsi-in-piccolo-gruppo\/#breadcrumb"},"inLanguage":"it-IT","potentialAction":[{"@type":"ReadAction","target":["https:\/\/jarchaespanol.com\/it\/servicios\/ensenanza-it\/spagnolo-in-presenza\/lezioni-in-piccolo-gruppo-it\/spagnolo-in-presenza-corsi-in-piccolo-gruppo\/"]}]},{"@type":"ImageObject","inLanguage":"it-IT","@id":"https:\/\/jarchaespanol.com\/it\/servicios\/ensenanza-it\/spagnolo-in-presenza\/lezioni-in-piccolo-gruppo-it\/spagnolo-in-presenza-corsi-in-piccolo-gruppo\/#primaryimage","url":"https:\/\/jarchaespanol.com\/wp-content\/uploads\/2022\/06\/curso-espanol-grupo.png","contentUrl":"https:\/\/jarchaespanol.com\/wp-content\/uploads\/2022\/06\/curso-espanol-grupo.png","width":600,"height":600},{"@type":"BreadcrumbList","@id":"https:\/\/jarchaespanol.com\/it\/servicios\/ensenanza-it\/spagnolo-in-presenza\/lezioni-in-piccolo-gruppo-it\/spagnolo-in-presenza-corsi-in-piccolo-gruppo\/#breadcrumb","itemListElement":[{"@type":"ListItem","position":1,"name":"Home","item":"https:\/\/jarchaespanol.com\/"},{"@type":"ListItem","position":2,"name":"Negozio","item":"https:\/\/jarchaespanol.com\/tienda\/"},{"@type":"ListItem","position":3,"name":"Spagnolo in presenza &#8211; Corsi in piccolo gruppo"}]},{"@type":"WebSite","@id":"https:\/\/jarchaespanol.com\/#website","url":"https:\/\/jarchaespanol.com\/","name":"Jarcha Espa\u00f1ol","description":"Plataforma en l\u00ednea especializada en la comunicaci\u00f3n y en la formaci\u00f3n en espa\u00f1ol. Aprende espa\u00f1ol online.","publisher":{"@id":"https:\/\/jarchaespanol.com\/#organization"},"potentialAction":[{"@type":"SearchAction","target":{"@type":"EntryPoint","urlTemplate":"https:\/\/jarchaespanol.com\/?s={search_term_string}"},"query-input":{"@type":"PropertyValueSpecification","valueRequired":true,"valueName":"search_term_string"}}],"inLanguage":"it-IT"},{"@type":"Organization","@id":"https:\/\/jarchaespanol.com\/#organization","name":"Jarcha Espa\u00f1ol","url":"https:\/\/jarchaespanol.com\/","logo":{"@type":"ImageObject","inLanguage":"it-IT","@id":"https:\/\/jarchaespanol.com\/#\/schema\/logo\/image\/","url":"https:\/\/jarchaespanol.com\/wp-content\/uploads\/2022\/03\/logo-factura-2.png","contentUrl":"https:\/\/jarchaespanol.com\/wp-content\/uploads\/2022\/03\/logo-factura-2.png","width":474,"height":177,"caption":"Jarcha Espa\u00f1ol"},"image":{"@id":"https:\/\/jarchaespanol.com\/#\/schema\/logo\/image\/"}}]}},"_links":{"self":[{"href":"https:\/\/jarchaespanol.com\/it\/wp-json\/wp\/v2\/product\/12849","targetHints":{"allow":["GET"]}}],"collection":[{"href":"https:\/\/jarchaespanol.com\/it\/wp-json\/wp\/v2\/product"}],"about":[{"href":"https:\/\/jarchaespanol.com\/it\/wp-json\/wp\/v2\/types\/product"}],"replies":[{"embeddable":true,"href":"https:\/\/jarchaespanol.com\/it\/wp-json\/wp\/v2\/comments?post=12849"}],"wp:featuredmedia":[{"embeddable":true,"href":"https:\/\/jarchaespanol.com\/it\/wp-json\/wp\/v2\/media\/6083"}],"wp:attachment":[{"href":"https:\/\/jarchaespanol.com\/it\/wp-json\/wp\/v2\/media?parent=12849"}],"wp:term":[{"taxonomy":"product_brand","embeddable":true,"href":"https:\/\/jarchaespanol.com\/it\/wp-json\/wp\/v2\/product_brand?post=12849"},{"taxonomy":"product_cat","embeddable":true,"href":"https:\/\/jarchaespanol.com\/it\/wp-json\/wp\/v2\/product_cat?post=12849"},{"taxonomy":"product_tag","embeddable":true,"href":"https:\/\/jarchaespanol.com\/it\/wp-json\/wp\/v2\/product_tag?post=12849"}],"curies":[{"name":"wp","href":"https:\/\/api.w.org\/{rel}","templated":true}]}}