{"id":12956,"date":"2024-09-04T12:39:25","date_gmt":"2024-09-04T10:39:25","guid":{"rendered":"https:\/\/jarchaespanol.com\/?post_type=product&#038;p=12956"},"modified":"2024-10-23T12:40:41","modified_gmt":"2024-10-23T10:40:41","slug":"spagnolo-in-presenza-preparazione-al-dele-in-piccolo-gruppo","status":"publish","type":"product","link":"https:\/\/jarchaespanol.com\/it\/servicios\/senza-categoria\/spagnolo-in-presenza-preparazione-al-dele-in-piccolo-gruppo\/","title":{"rendered":"Spagnolo in presenza &#8211; Preparazione al DELE in piccolo gruppo"},"content":{"rendered":"<p>Se sei arrivato fin qui senza sapere dove si trova Jarcha Espa\u00f1ol, ti informiamo che siamo a Vigo, una citt\u00e0 importante della Galizia, nel nord-ovest della Spagna. Se sei gi\u00e0 a Vigo, sei nel posto giusto per iniziare il tuo apprendimento con noi! E se, inoltre, vuoi approfittare del tuo soggiorno per prepararti al <span style=\"color: #882437;\"><a style=\"color: #882437;\" href=\"https:\/\/jarchaespanol.com\/it\/dele\/\"><strong>DELE<\/strong><\/a><\/span>, ti invitiamo a farlo mentre scopri la nostra citt\u00e0, la sua cultura e il suo ambiente. Farai parte di un piccolo gruppo di studenti con gli stessi obiettivi e ti divertirai a interagire con loro in lezioni molto dinamiche e partecipative. Il nostro team di insegnanti ti guider\u00e0 in ciascuna delle competenze chiave dell\u2019esame, offrendoti un\u2019attenzione individualizzata che ti aiuter\u00e0 a ottenere il tuo diploma con successo.<\/p>\n<p>&nbsp;<\/p>\n<p><strong>Come iscriversi ai nostri corsi?<\/strong><br \/>\nBasta completare questo <strong><a href=\"https:\/\/docs.google.com\/forms\/d\/1QWAWPsit2wVoy7gqgIW8prF2eJNR0iUDqzBm2R2VKp0\/\" target=\"_blank\" rel=\"noopener\"><span style=\"color: #800000;\">modulo<\/span><\/a>.<\/strong> Una volta che il gruppo di tua scelta sar\u00e0 completo, riceverai un\u2019email con le istruzioni per completare l\u2019iscrizione e il pagamento tramite il nostro sito web.<\/p>\n","protected":false},"excerpt":{"rendered":"<p>Se sei arrivato fin qui senza sapere dove si trova Jarcha Espa\u00f1ol, ti informiamo che siamo a Vigo, una citt\u00e0 importante della Galizia, nel nord-ovest della Spagna. Se sei gi\u00e0 a Vigo, sei nel posto giusto per iniziare il tuo apprendimento con noi! E se, inoltre, vuoi approfittare del tuo soggiorno per prepararti al DELE, [&hellip;]<\/p>\n","protected":false},"featured_media":12556,"comment_status":"open","ping_status":"closed","template":"","meta":{"inline_featured_image":false,"_joinchat":[]},"product_brand":[],"product_cat":[],"product_tag":[],"class_list":{"0":"post-12956","1":"product","2":"type-product","3":"status-publish","4":"has-post-thumbnail","7":"first","8":"instock","9":"shipping-taxable","10":"purchasable","11":"product-type-variable"},"yoast_head":"<!-- This site is optimized with the Yoast SEO plugin v26.8 - https:\/\/yoast.com\/product\/yoast-seo-wordpress\/ -->\n<title>Spagnolo in presenza - Preparazione al DELE in piccolo gruppo - Jarcha Espa\u00f1ol<\/title>\n<meta name=\"description\" content=\"Spagnolo in presenza - Preparazione al DELE in piccolo gruppo - Jarcha Espa\u00f1ol - Espa\u00f1ol como Lengua Extranjera. Clases de espa\u00f1ol online.\" \/>\n<meta name=\"robots\" content=\"index, follow, max-snippet:-1, max-image-preview:large, max-video-preview:-1\" \/>\n<link rel=\"canonical\" href=\"https:\/\/jarchaespanol.com\/it\/servicios\/senza-categoria\/spagnolo-in-presenza-preparazione-al-dele-in-piccolo-gruppo\/\" \/>\n<meta property=\"og:locale\" content=\"it_IT\" \/>\n<meta property=\"og:type\" content=\"article\" \/>\n<meta property=\"og:title\" content=\"Spagnolo in presenza - Preparazione al DELE in piccolo gruppo - Jarcha Espa\u00f1ol\" \/>\n<meta property=\"og:description\" content=\"Spagnolo in presenza - Preparazione al DELE in piccolo gruppo - Jarcha Espa\u00f1ol - Espa\u00f1ol como Lengua Extranjera. Clases de espa\u00f1ol online.\" \/>\n<meta property=\"og:url\" content=\"https:\/\/jarchaespanol.com\/it\/servicios\/ensenanza-it\/spagnolo-in-presenza\/lezioni-in-piccolo-gruppo-it\/spagnolo-in-presenza-preparazione-al-dele-in-piccolo-gruppo\/\" \/>\n<meta property=\"og:site_name\" content=\"Jarcha Espa\u00f1ol\" \/>\n<meta property=\"article:modified_time\" content=\"2024-10-23T10:40:41+00:00\" \/>\n<meta property=\"og:image\" content=\"https:\/\/jarchaespanol.com\/wp-content\/uploads\/2024\/08\/curso-dele-espanol-grupo.png\" \/>\n\t<meta property=\"og:image:width\" content=\"600\" \/>\n\t<meta property=\"og:image:height\" content=\"600\" \/>\n\t<meta property=\"og:image:type\" content=\"image\/png\" \/>\n<meta name=\"twitter:card\" content=\"summary_large_image\" \/>\n<script type=\"application\/ld+json\" class=\"yoast-schema-graph\">{\"@context\":\"https:\/\/schema.org\",\"@graph\":[{\"@type\":\"WebPage\",\"@id\":\"https:\/\/jarchaespanol.com\/it\/servicios\/ensenanza-it\/spagnolo-in-presenza\/lezioni-in-piccolo-gruppo-it\/spagnolo-in-presenza-preparazione-al-dele-in-piccolo-gruppo\/\",\"url\":\"https:\/\/jarchaespanol.com\/it\/servicios\/ensenanza-it\/spagnolo-in-presenza\/lezioni-in-piccolo-gruppo-it\/spagnolo-in-presenza-preparazione-al-dele-in-piccolo-gruppo\/\",\"name\":\"Spagnolo in presenza - Preparazione al DELE in piccolo gruppo - Jarcha Espa\u00f1ol\",\"isPartOf\":{\"@id\":\"https:\/\/jarchaespanol.com\/#website\"},\"primaryImageOfPage\":{\"@id\":\"https:\/\/jarchaespanol.com\/it\/servicios\/ensenanza-it\/spagnolo-in-presenza\/lezioni-in-piccolo-gruppo-it\/spagnolo-in-presenza-preparazione-al-dele-in-piccolo-gruppo\/#primaryimage\"},\"image\":{\"@id\":\"https:\/\/jarchaespanol.com\/it\/servicios\/ensenanza-it\/spagnolo-in-presenza\/lezioni-in-piccolo-gruppo-it\/spagnolo-in-presenza-preparazione-al-dele-in-piccolo-gruppo\/#primaryimage\"},\"thumbnailUrl\":\"https:\/\/jarchaespanol.com\/wp-content\/uploads\/2024\/08\/curso-dele-espanol-grupo.png\",\"datePublished\":\"2024-09-04T10:39:25+00:00\",\"dateModified\":\"2024-10-23T10:40:41+00:00\",\"description\":\"Spagnolo in presenza - Preparazione al DELE in piccolo gruppo - Jarcha Espa\u00f1ol - Espa\u00f1ol como Lengua Extranjera. Clases de espa\u00f1ol online.\",\"breadcrumb\":{\"@id\":\"https:\/\/jarchaespanol.com\/it\/servicios\/ensenanza-it\/spagnolo-in-presenza\/lezioni-in-piccolo-gruppo-it\/spagnolo-in-presenza-preparazione-al-dele-in-piccolo-gruppo\/#breadcrumb\"},\"inLanguage\":\"it-IT\",\"potentialAction\":[{\"@type\":\"ReadAction\",\"target\":[\"https:\/\/jarchaespanol.com\/it\/servicios\/ensenanza-it\/spagnolo-in-presenza\/lezioni-in-piccolo-gruppo-it\/spagnolo-in-presenza-preparazione-al-dele-in-piccolo-gruppo\/\"]}]},{\"@type\":\"ImageObject\",\"inLanguage\":\"it-IT\",\"@id\":\"https:\/\/jarchaespanol.com\/it\/servicios\/ensenanza-it\/spagnolo-in-presenza\/lezioni-in-piccolo-gruppo-it\/spagnolo-in-presenza-preparazione-al-dele-in-piccolo-gruppo\/#primaryimage\",\"url\":\"https:\/\/jarchaespanol.com\/wp-content\/uploads\/2024\/08\/curso-dele-espanol-grupo.png\",\"contentUrl\":\"https:\/\/jarchaespanol.com\/wp-content\/uploads\/2024\/08\/curso-dele-espanol-grupo.png\",\"width\":600,\"height\":600},{\"@type\":\"BreadcrumbList\",\"@id\":\"https:\/\/jarchaespanol.com\/it\/servicios\/ensenanza-it\/spagnolo-in-presenza\/lezioni-in-piccolo-gruppo-it\/spagnolo-in-presenza-preparazione-al-dele-in-piccolo-gruppo\/#breadcrumb\",\"itemListElement\":[{\"@type\":\"ListItem\",\"position\":1,\"name\":\"Home\",\"item\":\"https:\/\/jarchaespanol.com\/\"},{\"@type\":\"ListItem\",\"position\":2,\"name\":\"Negozio\",\"item\":\"https:\/\/jarchaespanol.com\/tienda\/\"},{\"@type\":\"ListItem\",\"position\":3,\"name\":\"Spagnolo in presenza &#8211; Preparazione al DELE in piccolo gruppo\"}]},{\"@type\":\"WebSite\",\"@id\":\"https:\/\/jarchaespanol.com\/#website\",\"url\":\"https:\/\/jarchaespanol.com\/\",\"name\":\"Jarcha Espa\u00f1ol\",\"description\":\"Plataforma en l\u00ednea especializada en la comunicaci\u00f3n y en la formaci\u00f3n en espa\u00f1ol. Aprende espa\u00f1ol online.\",\"publisher\":{\"@id\":\"https:\/\/jarchaespanol.com\/#organization\"},\"potentialAction\":[{\"@type\":\"SearchAction\",\"target\":{\"@type\":\"EntryPoint\",\"urlTemplate\":\"https:\/\/jarchaespanol.com\/?s={search_term_string}\"},\"query-input\":{\"@type\":\"PropertyValueSpecification\",\"valueRequired\":true,\"valueName\":\"search_term_string\"}}],\"inLanguage\":\"it-IT\"},{\"@type\":\"Organization\",\"@id\":\"https:\/\/jarchaespanol.com\/#organization\",\"name\":\"Jarcha Espa\u00f1ol\",\"url\":\"https:\/\/jarchaespanol.com\/\",\"logo\":{\"@type\":\"ImageObject\",\"inLanguage\":\"it-IT\",\"@id\":\"https:\/\/jarchaespanol.com\/#\/schema\/logo\/image\/\",\"url\":\"https:\/\/jarchaespanol.com\/wp-content\/uploads\/2022\/03\/logo-factura-2.png\",\"contentUrl\":\"https:\/\/jarchaespanol.com\/wp-content\/uploads\/2022\/03\/logo-factura-2.png\",\"width\":474,\"height\":177,\"caption\":\"Jarcha Espa\u00f1ol\"},\"image\":{\"@id\":\"https:\/\/jarchaespanol.com\/#\/schema\/logo\/image\/\"}}]}<\/script>\n<!-- \/ Yoast SEO plugin. -->","yoast_head_json":{"title":"Spagnolo in presenza - Preparazione al DELE in piccolo gruppo - Jarcha Espa\u00f1ol","description":"Spagnolo in presenza - Preparazione al DELE in piccolo gruppo - Jarcha Espa\u00f1ol - Espa\u00f1ol como Lengua Extranjera. Clases de espa\u00f1ol online.","robots":{"index":"index","follow":"follow","max-snippet":"max-snippet:-1","max-image-preview":"max-image-preview:large","max-video-preview":"max-video-preview:-1"},"canonical":"https:\/\/jarchaespanol.com\/it\/servicios\/senza-categoria\/spagnolo-in-presenza-preparazione-al-dele-in-piccolo-gruppo\/","og_locale":"it_IT","og_type":"article","og_title":"Spagnolo in presenza - Preparazione al DELE in piccolo gruppo - Jarcha Espa\u00f1ol","og_description":"Spagnolo in presenza - Preparazione al DELE in piccolo gruppo - Jarcha Espa\u00f1ol - Espa\u00f1ol como Lengua Extranjera. Clases de espa\u00f1ol online.","og_url":"https:\/\/jarchaespanol.com\/it\/servicios\/ensenanza-it\/spagnolo-in-presenza\/lezioni-in-piccolo-gruppo-it\/spagnolo-in-presenza-preparazione-al-dele-in-piccolo-gruppo\/","og_site_name":"Jarcha Espa\u00f1ol","article_modified_time":"2024-10-23T10:40:41+00:00","og_image":[{"width":600,"height":600,"url":"https:\/\/jarchaespanol.com\/wp-content\/uploads\/2024\/08\/curso-dele-espanol-grupo.png","type":"image\/png"}],"twitter_card":"summary_large_image","schema":{"@context":"https:\/\/schema.org","@graph":[{"@type":"WebPage","@id":"https:\/\/jarchaespanol.com\/it\/servicios\/ensenanza-it\/spagnolo-in-presenza\/lezioni-in-piccolo-gruppo-it\/spagnolo-in-presenza-preparazione-al-dele-in-piccolo-gruppo\/","url":"https:\/\/jarchaespanol.com\/it\/servicios\/ensenanza-it\/spagnolo-in-presenza\/lezioni-in-piccolo-gruppo-it\/spagnolo-in-presenza-preparazione-al-dele-in-piccolo-gruppo\/","name":"Spagnolo in presenza - Preparazione al DELE in piccolo gruppo - Jarcha Espa\u00f1ol","isPartOf":{"@id":"https:\/\/jarchaespanol.com\/#website"},"primaryImageOfPage":{"@id":"https:\/\/jarchaespanol.com\/it\/servicios\/ensenanza-it\/spagnolo-in-presenza\/lezioni-in-piccolo-gruppo-it\/spagnolo-in-presenza-preparazione-al-dele-in-piccolo-gruppo\/#primaryimage"},"image":{"@id":"https:\/\/jarchaespanol.com\/it\/servicios\/ensenanza-it\/spagnolo-in-presenza\/lezioni-in-piccolo-gruppo-it\/spagnolo-in-presenza-preparazione-al-dele-in-piccolo-gruppo\/#primaryimage"},"thumbnailUrl":"https:\/\/jarchaespanol.com\/wp-content\/uploads\/2024\/08\/curso-dele-espanol-grupo.png","datePublished":"2024-09-04T10:39:25+00:00","dateModified":"2024-10-23T10:40:41+00:00","description":"Spagnolo in presenza - Preparazione al DELE in piccolo gruppo - Jarcha Espa\u00f1ol - Espa\u00f1ol como Lengua Extranjera. Clases de espa\u00f1ol online.","breadcrumb":{"@id":"https:\/\/jarchaespanol.com\/it\/servicios\/ensenanza-it\/spagnolo-in-presenza\/lezioni-in-piccolo-gruppo-it\/spagnolo-in-presenza-preparazione-al-dele-in-piccolo-gruppo\/#breadcrumb"},"inLanguage":"it-IT","potentialAction":[{"@type":"ReadAction","target":["https:\/\/jarchaespanol.com\/it\/servicios\/ensenanza-it\/spagnolo-in-presenza\/lezioni-in-piccolo-gruppo-it\/spagnolo-in-presenza-preparazione-al-dele-in-piccolo-gruppo\/"]}]},{"@type":"ImageObject","inLanguage":"it-IT","@id":"https:\/\/jarchaespanol.com\/it\/servicios\/ensenanza-it\/spagnolo-in-presenza\/lezioni-in-piccolo-gruppo-it\/spagnolo-in-presenza-preparazione-al-dele-in-piccolo-gruppo\/#primaryimage","url":"https:\/\/jarchaespanol.com\/wp-content\/uploads\/2024\/08\/curso-dele-espanol-grupo.png","contentUrl":"https:\/\/jarchaespanol.com\/wp-content\/uploads\/2024\/08\/curso-dele-espanol-grupo.png","width":600,"height":600},{"@type":"BreadcrumbList","@id":"https:\/\/jarchaespanol.com\/it\/servicios\/ensenanza-it\/spagnolo-in-presenza\/lezioni-in-piccolo-gruppo-it\/spagnolo-in-presenza-preparazione-al-dele-in-piccolo-gruppo\/#breadcrumb","itemListElement":[{"@type":"ListItem","position":1,"name":"Home","item":"https:\/\/jarchaespanol.com\/"},{"@type":"ListItem","position":2,"name":"Negozio","item":"https:\/\/jarchaespanol.com\/tienda\/"},{"@type":"ListItem","position":3,"name":"Spagnolo in presenza &#8211; Preparazione al DELE in piccolo gruppo"}]},{"@type":"WebSite","@id":"https:\/\/jarchaespanol.com\/#website","url":"https:\/\/jarchaespanol.com\/","name":"Jarcha Espa\u00f1ol","description":"Plataforma en l\u00ednea especializada en la comunicaci\u00f3n y en la formaci\u00f3n en espa\u00f1ol. Aprende espa\u00f1ol online.","publisher":{"@id":"https:\/\/jarchaespanol.com\/#organization"},"potentialAction":[{"@type":"SearchAction","target":{"@type":"EntryPoint","urlTemplate":"https:\/\/jarchaespanol.com\/?s={search_term_string}"},"query-input":{"@type":"PropertyValueSpecification","valueRequired":true,"valueName":"search_term_string"}}],"inLanguage":"it-IT"},{"@type":"Organization","@id":"https:\/\/jarchaespanol.com\/#organization","name":"Jarcha Espa\u00f1ol","url":"https:\/\/jarchaespanol.com\/","logo":{"@type":"ImageObject","inLanguage":"it-IT","@id":"https:\/\/jarchaespanol.com\/#\/schema\/logo\/image\/","url":"https:\/\/jarchaespanol.com\/wp-content\/uploads\/2022\/03\/logo-factura-2.png","contentUrl":"https:\/\/jarchaespanol.com\/wp-content\/uploads\/2022\/03\/logo-factura-2.png","width":474,"height":177,"caption":"Jarcha Espa\u00f1ol"},"image":{"@id":"https:\/\/jarchaespanol.com\/#\/schema\/logo\/image\/"}}]}},"_links":{"self":[{"href":"https:\/\/jarchaespanol.com\/it\/wp-json\/wp\/v2\/product\/12956","targetHints":{"allow":["GET"]}}],"collection":[{"href":"https:\/\/jarchaespanol.com\/it\/wp-json\/wp\/v2\/product"}],"about":[{"href":"https:\/\/jarchaespanol.com\/it\/wp-json\/wp\/v2\/types\/product"}],"replies":[{"embeddable":true,"href":"https:\/\/jarchaespanol.com\/it\/wp-json\/wp\/v2\/comments?post=12956"}],"wp:featuredmedia":[{"embeddable":true,"href":"https:\/\/jarchaespanol.com\/it\/wp-json\/wp\/v2\/media\/12556"}],"wp:attachment":[{"href":"https:\/\/jarchaespanol.com\/it\/wp-json\/wp\/v2\/media?parent=12956"}],"wp:term":[{"taxonomy":"product_brand","embeddable":true,"href":"https:\/\/jarchaespanol.com\/it\/wp-json\/wp\/v2\/product_brand?post=12956"},{"taxonomy":"product_cat","embeddable":true,"href":"https:\/\/jarchaespanol.com\/it\/wp-json\/wp\/v2\/product_cat?post=12956"},{"taxonomy":"product_tag","embeddable":true,"href":"https:\/\/jarchaespanol.com\/it\/wp-json\/wp\/v2\/product_tag?post=12956"}],"curies":[{"name":"wp","href":"https:\/\/api.w.org\/{rel}","templated":true}]}}