{"id":16606,"date":"2025-05-27T00:19:33","date_gmt":"2025-05-26T22:19:33","guid":{"rendered":"https:\/\/jarchaespanol.com\/?post_type=product&#038;p=16606"},"modified":"2025-07-23T14:28:13","modified_gmt":"2025-07-23T12:28:13","slug":"spagnolo-online-preparazione-ad-altre-esami-lezioni-individuali","status":"publish","type":"product","link":"https:\/\/jarchaespanol.com\/it\/servicios\/ensenanza-it\/ele-it\/lezioni-individuali\/spagnolo-online-preparazione-ad-altre-esami-lezioni-individuali\/","title":{"rendered":"Spagnolo online \u2013 Preparazione ad altre esami. Lezioni individuali"},"content":{"rendered":"<p>In Jarcha Espa\u00f1ol ti aiutiamo a preparare un\u2019ampia variet\u00e0 di esami ufficiali di spagnolo, sia in Spagna che in altri paesi. Se hai bisogno di certificare il tuo livello, migliorare il tuo profilo professionale o progredire nei tuoi studi, qui troverai la preparazione specifica per la prova che devi superare.<\/p>\n<p>&nbsp;<\/p>\n<h3><span style=\"color: #882437;\"><b>Quali altre prove prepariamo da Jarcha Espa\u00f1ol?<\/b><\/span><\/h3>\n<p><span style=\"font-weight: 400;\">A Jarcha Espa\u00f1ol, prepariamo, tra gli altri, le seguenti certificazioni ed esami:<\/span><\/p>\n<p><b>Esami organizzati in Spagna<\/b><\/p>\n<ul>\n<li style=\"font-weight: 400;\" aria-level=\"1\"><b>DELE<\/b><span style=\"font-weight: 400;\"> (Diploma di Spagnolo come Lingua Straniera)<\/span><\/li>\n<li style=\"font-weight: 400;\" aria-level=\"1\"><b>SIELE<\/b><span style=\"font-weight: 400;\"> (Servizio Internazionale di Valutazione della Lingua Spagnola)<\/span><\/li>\n<li style=\"font-weight: 400;\" aria-level=\"1\"><b>DIE<\/b><span style=\"font-weight: 400;\"> (Diploma Internazionale di Spagnolo)<\/span><\/li>\n<li style=\"font-weight: 400;\" aria-level=\"1\"><b>CCSE<\/b><span style=\"font-weight: 400;\"> (Conoscenze Costituzionali e Socioculturali della Spagna)<\/span><\/li>\n<li style=\"font-weight: 400;\" aria-level=\"1\"><b>Certificati Universitari di Spagnolo<\/b><span style=\"font-weight: 400;\"> (USAL esPro, Universit\u00e0 di Barcellona)<\/span><\/li>\n<\/ul>\n<p><b>Esami organizzati fuori dalla Spagna<\/b><\/p>\n<ul>\n<li style=\"font-weight: 400;\" aria-level=\"1\"><b>CELU<\/b><span style=\"font-weight: 400;\"> (Certificato di Spagnolo: Lingua e Uso)<\/span><\/li>\n<li style=\"font-weight: 400;\" aria-level=\"1\"><b>CELA<\/b><span style=\"font-weight: 400;\"> (Certificazione dello Spagnolo come Lingua Aggiuntiva)<\/span><\/li>\n<li style=\"font-weight: 400;\" aria-level=\"1\"><b>ECL<\/b><span style=\"font-weight: 400;\"> (Consorzio Europeo per il Certificato di Conoscenza delle Lingue Moderne)<\/span><\/li>\n<li style=\"font-weight: 400;\" aria-level=\"1\"><b>Esami e certificazioni negli Stati Uniti<\/b><span style=\"font-weight: 400;\"> (AP Spanish, National Spanish Examinations, Checkpoint A e B)<\/span><\/li>\n<li style=\"font-weight: 400;\" aria-level=\"1\"><b>DSCG<\/b><span style=\"font-weight: 400;\"> (Dipl\u00f4me Sup\u00e9rieur de Comptabilit\u00e9 et de Gestion)<\/span><\/li>\n<li style=\"font-weight: 400;\" aria-level=\"1\"><b>DALF<\/b><span style=\"font-weight: 400;\"> (Dipl\u00f4me Approfondi de Langue Fran\u00e7aise)<\/span><\/li>\n<\/ul>\n<p><b>Esami e certificazioni in pi\u00f9 paesi, inclusa la Spagna<\/b><\/p>\n<ul>\n<li style=\"font-weight: 400;\" aria-level=\"1\"><b>TELC<\/b><span style=\"font-weight: 400;\"> (Certificato di Lingua Europea)<\/span><\/li>\n<\/ul>\n<p><b>Competizioni internazionali<\/b><\/p>\n<ul>\n<li style=\"font-weight: 400;\" aria-level=\"1\"><b>Olimpiadi di Spagnolo<\/b><span style=\"font-weight: 400;\">: Competizioni per studenti delle scuole secondarie, organizzate in vari paesi<\/span><\/li>\n<\/ul>\n<p>&nbsp;<\/p>\n<p><iframe loading=\"lazy\" title=\"Maja. Olimpiadas de espa\u00f1ol en Cracovia. Polaco.\" width=\"900\" height=\"506\" src=\"https:\/\/www.youtube.com\/embed\/lQyqPdtT6iY?feature=oembed\" frameborder=\"0\" allow=\"accelerometer; autoplay; clipboard-write; encrypted-media; gyroscope; picture-in-picture; web-share\" referrerpolicy=\"strict-origin-when-cross-origin\" allowfullscreen><\/iframe><\/p>\n<p><iframe loading=\"lazy\" title=\"Maja. Olimpiadas de espa\u00f1ol en Cracovia. Espa\u00f1ol.\" width=\"900\" height=\"506\" src=\"https:\/\/www.youtube.com\/embed\/d3kUIyiLeko?feature=oembed\" frameborder=\"0\" allow=\"accelerometer; autoplay; clipboard-write; encrypted-media; gyroscope; picture-in-picture; web-share\" referrerpolicy=\"strict-origin-when-cross-origin\" allowfullscreen><\/iframe><\/p>\n<p>&nbsp;<br \/>\n<b>Prova di livello<\/b><br \/>\n<a class=\"btn btn-jarcha\" href=\"https:\/\/docs.google.com\/forms\/d\/e\/1FAIpQLScMyzM92U1yRd7pyrAY6iNldme-eUzGKpzMkl9ZJUN072zVHw\/viewform?usp=sf_link\" target=\"_blank\" rel=\"noopener\"><span style=\"font-weight: 400;\"><i class=\"vc_btn3-icon fas fa-user-graduate\"><\/i> A1 <\/span><\/a> <a class=\"btn btn-jarcha\" href=\"https:\/\/docs.google.com\/forms\/d\/e\/1FAIpQLSctisEsdQt-A4UJe0KuWHLCDoTzLtXFWelAQNoauRGeyPcSUg\/viewform?usp=sf_link\" target=\"_blank\" rel=\"noopener\"><span style=\"font-weight: 400;\"><i class=\"vc_btn3-icon fas fa-user-graduate\"><\/i> A2 <\/span><\/a> <a class=\"btn btn-jarcha\" href=\"https:\/\/docs.google.com\/forms\/d\/e\/1FAIpQLSdNGeGMzvjiXYDQWm0ySq6zpqES6g3MFOjMnaYxYUgCeI3M7A\/viewform?usp=sf_link\" target=\"_blank\" rel=\"noopener\"><span style=\"font-weight: 400;\"><i class=\"vc_btn3-icon fas fa-user-graduate\"><\/i> B1 <\/span><\/a> <a class=\"btn btn-jarcha\" href=\"https:\/\/docs.google.com\/forms\/d\/e\/1FAIpQLSfHj2JP1zE2D1FUPS_FbH0zTUNzAJ1CEopeBKifrEwm5nMmsw\/viewform?usp=sf_link\" target=\"_blank\" rel=\"noopener\"><span style=\"font-weight: 400;\"><i class=\"vc_btn3-icon fas fa-user-graduate\"><\/i> B2 <\/span><\/a> <a class=\"btn btn-jarcha\" href=\"https:\/\/docs.google.com\/forms\/d\/e\/1FAIpQLSeUgWtLVaOwNh7sbMlg0a7C-zQG3OhJkbzS22VtItOdw6IVCQ\/viewform?usp=sf_link\" target=\"_blank\" rel=\"noopener\"><span style=\"font-weight: 400;\"><i class=\"vc_btn3-icon fas fa-user-graduate\"><\/i> C1 <\/span><\/a> <a class=\"btn btn-jarcha\" href=\"https:\/\/docs.google.com\/forms\/d\/e\/1FAIpQLScMlqLbAih6VOcu6jaiNdpp6wh9zkimMY9El8kqYbHZaRVInw\/viewform?usp=sf_link\" target=\"_blank\" rel=\"noopener\"><span style=\"font-weight: 400;\"><i class=\"vc_btn3-icon fas fa-user-graduate\"><\/i> C2 <\/span><\/a><\/p>\n","protected":false},"excerpt":{"rendered":"<p><span style=\"font-weight: 400;\">Domina qualsiasi test di spagnolo con il nostro auto<\/span><\/p>\n","protected":false},"featured_media":17551,"comment_status":"open","ping_status":"closed","template":"","meta":{"inline_featured_image":false,"_joinchat":[]},"product_brand":[],"product_cat":[496,497,859],"product_tag":[],"class_list":{"0":"post-16606","1":"product","2":"type-product","3":"status-publish","4":"has-post-thumbnail","6":"product_cat-ensenanza-it","7":"product_cat-ele-it","8":"product_cat-lezioni-individuali","10":"first","11":"instock","12":"shipping-taxable","13":"purchasable","14":"product-type-variable"},"yoast_head":"<!-- This site is optimized with the Yoast SEO plugin v26.8 - https:\/\/yoast.com\/product\/yoast-seo-wordpress\/ -->\n<title>Spagnolo online \u2013 Preparazione ad altre esami. Lezioni individuali - Jarcha Espa\u00f1ol<\/title>\n<meta name=\"description\" content=\"Spagnolo online \u2013 Preparazione ad altre esami. Lezioni individuali - Jarcha Espa\u00f1ol - Espa\u00f1ol como Lengua Extranjera. Clases de espa\u00f1ol online.\" \/>\n<meta name=\"robots\" content=\"index, follow, max-snippet:-1, max-image-preview:large, max-video-preview:-1\" \/>\n<link rel=\"canonical\" href=\"https:\/\/jarchaespanol.com\/it\/servicios\/ensenanza-it\/ele-it\/lezioni-individuali\/spagnolo-online-preparazione-ad-altre-esami-lezioni-individuali\/\" \/>\n<meta property=\"og:locale\" content=\"it_IT\" \/>\n<meta property=\"og:type\" content=\"article\" \/>\n<meta property=\"og:title\" content=\"Spagnolo online \u2013 Preparazione ad altre esami. Lezioni individuali - Jarcha Espa\u00f1ol\" \/>\n<meta property=\"og:description\" content=\"Spagnolo online \u2013 Preparazione ad altre esami. Lezioni individuali - Jarcha Espa\u00f1ol - Espa\u00f1ol como Lengua Extranjera. Clases de espa\u00f1ol online.\" \/>\n<meta property=\"og:url\" content=\"https:\/\/jarchaespanol.com\/it\/servicios\/ensenanza-it\/ele-it\/lezioni-individuali\/spagnolo-online-preparazione-ad-altre-esami-lezioni-individuali\/\" \/>\n<meta property=\"og:site_name\" content=\"Jarcha Espa\u00f1ol\" \/>\n<meta property=\"article:modified_time\" content=\"2025-07-23T12:28:13+00:00\" \/>\n<meta property=\"og:image\" content=\"https:\/\/jarchaespanol.com\/wp-content\/uploads\/2025\/05\/ONLINE_OTRAS-PRUEBAS.jpg\" \/>\n\t<meta property=\"og:image:width\" content=\"900\" \/>\n\t<meta property=\"og:image:height\" content=\"933\" \/>\n\t<meta property=\"og:image:type\" content=\"image\/jpeg\" \/>\n<meta name=\"twitter:card\" content=\"summary_large_image\" \/>\n<script type=\"application\/ld+json\" class=\"yoast-schema-graph\">{\"@context\":\"https:\/\/schema.org\",\"@graph\":[{\"@type\":\"WebPage\",\"@id\":\"https:\/\/jarchaespanol.com\/it\/servicios\/ensenanza-it\/ele-it\/lezioni-individuali\/spagnolo-online-preparazione-ad-altre-esami-lezioni-individuali\/\",\"url\":\"https:\/\/jarchaespanol.com\/it\/servicios\/ensenanza-it\/ele-it\/lezioni-individuali\/spagnolo-online-preparazione-ad-altre-esami-lezioni-individuali\/\",\"name\":\"Spagnolo online \u2013 Preparazione ad altre esami. Lezioni individuali - Jarcha Espa\u00f1ol\",\"isPartOf\":{\"@id\":\"https:\/\/jarchaespanol.com\/#website\"},\"primaryImageOfPage\":{\"@id\":\"https:\/\/jarchaespanol.com\/it\/servicios\/ensenanza-it\/ele-it\/lezioni-individuali\/spagnolo-online-preparazione-ad-altre-esami-lezioni-individuali\/#primaryimage\"},\"image\":{\"@id\":\"https:\/\/jarchaespanol.com\/it\/servicios\/ensenanza-it\/ele-it\/lezioni-individuali\/spagnolo-online-preparazione-ad-altre-esami-lezioni-individuali\/#primaryimage\"},\"thumbnailUrl\":\"https:\/\/jarchaespanol.com\/wp-content\/uploads\/2025\/05\/ONLINE_OTRAS-PRUEBAS.jpg\",\"datePublished\":\"2025-05-26T22:19:33+00:00\",\"dateModified\":\"2025-07-23T12:28:13+00:00\",\"description\":\"Spagnolo online \u2013 Preparazione ad altre esami. Lezioni individuali - Jarcha Espa\u00f1ol - Espa\u00f1ol como Lengua Extranjera. Clases de espa\u00f1ol online.\",\"breadcrumb\":{\"@id\":\"https:\/\/jarchaespanol.com\/it\/servicios\/ensenanza-it\/ele-it\/lezioni-individuali\/spagnolo-online-preparazione-ad-altre-esami-lezioni-individuali\/#breadcrumb\"},\"inLanguage\":\"it-IT\",\"potentialAction\":[{\"@type\":\"ReadAction\",\"target\":[\"https:\/\/jarchaespanol.com\/it\/servicios\/ensenanza-it\/ele-it\/lezioni-individuali\/spagnolo-online-preparazione-ad-altre-esami-lezioni-individuali\/\"]}]},{\"@type\":\"ImageObject\",\"inLanguage\":\"it-IT\",\"@id\":\"https:\/\/jarchaespanol.com\/it\/servicios\/ensenanza-it\/ele-it\/lezioni-individuali\/spagnolo-online-preparazione-ad-altre-esami-lezioni-individuali\/#primaryimage\",\"url\":\"https:\/\/jarchaespanol.com\/wp-content\/uploads\/2025\/05\/ONLINE_OTRAS-PRUEBAS.jpg\",\"contentUrl\":\"https:\/\/jarchaespanol.com\/wp-content\/uploads\/2025\/05\/ONLINE_OTRAS-PRUEBAS.jpg\",\"width\":900,\"height\":933},{\"@type\":\"BreadcrumbList\",\"@id\":\"https:\/\/jarchaespanol.com\/it\/servicios\/ensenanza-it\/ele-it\/lezioni-individuali\/spagnolo-online-preparazione-ad-altre-esami-lezioni-individuali\/#breadcrumb\",\"itemListElement\":[{\"@type\":\"ListItem\",\"position\":1,\"name\":\"Home\",\"item\":\"https:\/\/jarchaespanol.com\/\"},{\"@type\":\"ListItem\",\"position\":2,\"name\":\"Negozio\",\"item\":\"https:\/\/jarchaespanol.com\/tienda\/\"},{\"@type\":\"ListItem\",\"position\":3,\"name\":\"Spagnolo online \u2013 Preparazione ad altre esami. Lezioni individuali\"}]},{\"@type\":\"WebSite\",\"@id\":\"https:\/\/jarchaespanol.com\/#website\",\"url\":\"https:\/\/jarchaespanol.com\/\",\"name\":\"Jarcha Espa\u00f1ol\",\"description\":\"Plataforma en l\u00ednea especializada en la comunicaci\u00f3n y en la formaci\u00f3n en espa\u00f1ol. Aprende espa\u00f1ol online.\",\"publisher\":{\"@id\":\"https:\/\/jarchaespanol.com\/#organization\"},\"potentialAction\":[{\"@type\":\"SearchAction\",\"target\":{\"@type\":\"EntryPoint\",\"urlTemplate\":\"https:\/\/jarchaespanol.com\/?s={search_term_string}\"},\"query-input\":{\"@type\":\"PropertyValueSpecification\",\"valueRequired\":true,\"valueName\":\"search_term_string\"}}],\"inLanguage\":\"it-IT\"},{\"@type\":\"Organization\",\"@id\":\"https:\/\/jarchaespanol.com\/#organization\",\"name\":\"Jarcha Espa\u00f1ol\",\"url\":\"https:\/\/jarchaespanol.com\/\",\"logo\":{\"@type\":\"ImageObject\",\"inLanguage\":\"it-IT\",\"@id\":\"https:\/\/jarchaespanol.com\/#\/schema\/logo\/image\/\",\"url\":\"https:\/\/jarchaespanol.com\/wp-content\/uploads\/2022\/03\/logo-factura-2.png\",\"contentUrl\":\"https:\/\/jarchaespanol.com\/wp-content\/uploads\/2022\/03\/logo-factura-2.png\",\"width\":474,\"height\":177,\"caption\":\"Jarcha Espa\u00f1ol\"},\"image\":{\"@id\":\"https:\/\/jarchaespanol.com\/#\/schema\/logo\/image\/\"}}]}<\/script>\n<!-- \/ Yoast SEO plugin. -->","yoast_head_json":{"title":"Spagnolo online \u2013 Preparazione ad altre esami. Lezioni individuali - Jarcha Espa\u00f1ol","description":"Spagnolo online \u2013 Preparazione ad altre esami. Lezioni individuali - Jarcha Espa\u00f1ol - Espa\u00f1ol como Lengua Extranjera. Clases de espa\u00f1ol online.","robots":{"index":"index","follow":"follow","max-snippet":"max-snippet:-1","max-image-preview":"max-image-preview:large","max-video-preview":"max-video-preview:-1"},"canonical":"https:\/\/jarchaespanol.com\/it\/servicios\/ensenanza-it\/ele-it\/lezioni-individuali\/spagnolo-online-preparazione-ad-altre-esami-lezioni-individuali\/","og_locale":"it_IT","og_type":"article","og_title":"Spagnolo online \u2013 Preparazione ad altre esami. Lezioni individuali - Jarcha Espa\u00f1ol","og_description":"Spagnolo online \u2013 Preparazione ad altre esami. Lezioni individuali - Jarcha Espa\u00f1ol - Espa\u00f1ol como Lengua Extranjera. Clases de espa\u00f1ol online.","og_url":"https:\/\/jarchaespanol.com\/it\/servicios\/ensenanza-it\/ele-it\/lezioni-individuali\/spagnolo-online-preparazione-ad-altre-esami-lezioni-individuali\/","og_site_name":"Jarcha Espa\u00f1ol","article_modified_time":"2025-07-23T12:28:13+00:00","og_image":[{"width":900,"height":933,"url":"https:\/\/jarchaespanol.com\/wp-content\/uploads\/2025\/05\/ONLINE_OTRAS-PRUEBAS.jpg","type":"image\/jpeg"}],"twitter_card":"summary_large_image","schema":{"@context":"https:\/\/schema.org","@graph":[{"@type":"WebPage","@id":"https:\/\/jarchaespanol.com\/it\/servicios\/ensenanza-it\/ele-it\/lezioni-individuali\/spagnolo-online-preparazione-ad-altre-esami-lezioni-individuali\/","url":"https:\/\/jarchaespanol.com\/it\/servicios\/ensenanza-it\/ele-it\/lezioni-individuali\/spagnolo-online-preparazione-ad-altre-esami-lezioni-individuali\/","name":"Spagnolo online \u2013 Preparazione ad altre esami. Lezioni individuali - Jarcha Espa\u00f1ol","isPartOf":{"@id":"https:\/\/jarchaespanol.com\/#website"},"primaryImageOfPage":{"@id":"https:\/\/jarchaespanol.com\/it\/servicios\/ensenanza-it\/ele-it\/lezioni-individuali\/spagnolo-online-preparazione-ad-altre-esami-lezioni-individuali\/#primaryimage"},"image":{"@id":"https:\/\/jarchaespanol.com\/it\/servicios\/ensenanza-it\/ele-it\/lezioni-individuali\/spagnolo-online-preparazione-ad-altre-esami-lezioni-individuali\/#primaryimage"},"thumbnailUrl":"https:\/\/jarchaespanol.com\/wp-content\/uploads\/2025\/05\/ONLINE_OTRAS-PRUEBAS.jpg","datePublished":"2025-05-26T22:19:33+00:00","dateModified":"2025-07-23T12:28:13+00:00","description":"Spagnolo online \u2013 Preparazione ad altre esami. Lezioni individuali - Jarcha Espa\u00f1ol - Espa\u00f1ol como Lengua Extranjera. Clases de espa\u00f1ol online.","breadcrumb":{"@id":"https:\/\/jarchaespanol.com\/it\/servicios\/ensenanza-it\/ele-it\/lezioni-individuali\/spagnolo-online-preparazione-ad-altre-esami-lezioni-individuali\/#breadcrumb"},"inLanguage":"it-IT","potentialAction":[{"@type":"ReadAction","target":["https:\/\/jarchaespanol.com\/it\/servicios\/ensenanza-it\/ele-it\/lezioni-individuali\/spagnolo-online-preparazione-ad-altre-esami-lezioni-individuali\/"]}]},{"@type":"ImageObject","inLanguage":"it-IT","@id":"https:\/\/jarchaespanol.com\/it\/servicios\/ensenanza-it\/ele-it\/lezioni-individuali\/spagnolo-online-preparazione-ad-altre-esami-lezioni-individuali\/#primaryimage","url":"https:\/\/jarchaespanol.com\/wp-content\/uploads\/2025\/05\/ONLINE_OTRAS-PRUEBAS.jpg","contentUrl":"https:\/\/jarchaespanol.com\/wp-content\/uploads\/2025\/05\/ONLINE_OTRAS-PRUEBAS.jpg","width":900,"height":933},{"@type":"BreadcrumbList","@id":"https:\/\/jarchaespanol.com\/it\/servicios\/ensenanza-it\/ele-it\/lezioni-individuali\/spagnolo-online-preparazione-ad-altre-esami-lezioni-individuali\/#breadcrumb","itemListElement":[{"@type":"ListItem","position":1,"name":"Home","item":"https:\/\/jarchaespanol.com\/"},{"@type":"ListItem","position":2,"name":"Negozio","item":"https:\/\/jarchaespanol.com\/tienda\/"},{"@type":"ListItem","position":3,"name":"Spagnolo online \u2013 Preparazione ad altre esami. Lezioni individuali"}]},{"@type":"WebSite","@id":"https:\/\/jarchaespanol.com\/#website","url":"https:\/\/jarchaespanol.com\/","name":"Jarcha Espa\u00f1ol","description":"Plataforma en l\u00ednea especializada en la comunicaci\u00f3n y en la formaci\u00f3n en espa\u00f1ol. Aprende espa\u00f1ol online.","publisher":{"@id":"https:\/\/jarchaespanol.com\/#organization"},"potentialAction":[{"@type":"SearchAction","target":{"@type":"EntryPoint","urlTemplate":"https:\/\/jarchaespanol.com\/?s={search_term_string}"},"query-input":{"@type":"PropertyValueSpecification","valueRequired":true,"valueName":"search_term_string"}}],"inLanguage":"it-IT"},{"@type":"Organization","@id":"https:\/\/jarchaespanol.com\/#organization","name":"Jarcha Espa\u00f1ol","url":"https:\/\/jarchaespanol.com\/","logo":{"@type":"ImageObject","inLanguage":"it-IT","@id":"https:\/\/jarchaespanol.com\/#\/schema\/logo\/image\/","url":"https:\/\/jarchaespanol.com\/wp-content\/uploads\/2022\/03\/logo-factura-2.png","contentUrl":"https:\/\/jarchaespanol.com\/wp-content\/uploads\/2022\/03\/logo-factura-2.png","width":474,"height":177,"caption":"Jarcha Espa\u00f1ol"},"image":{"@id":"https:\/\/jarchaespanol.com\/#\/schema\/logo\/image\/"}}]}},"_links":{"self":[{"href":"https:\/\/jarchaespanol.com\/it\/wp-json\/wp\/v2\/product\/16606","targetHints":{"allow":["GET"]}}],"collection":[{"href":"https:\/\/jarchaespanol.com\/it\/wp-json\/wp\/v2\/product"}],"about":[{"href":"https:\/\/jarchaespanol.com\/it\/wp-json\/wp\/v2\/types\/product"}],"replies":[{"embeddable":true,"href":"https:\/\/jarchaespanol.com\/it\/wp-json\/wp\/v2\/comments?post=16606"}],"wp:featuredmedia":[{"embeddable":true,"href":"https:\/\/jarchaespanol.com\/it\/wp-json\/wp\/v2\/media\/17551"}],"wp:attachment":[{"href":"https:\/\/jarchaespanol.com\/it\/wp-json\/wp\/v2\/media?parent=16606"}],"wp:term":[{"taxonomy":"product_brand","embeddable":true,"href":"https:\/\/jarchaespanol.com\/it\/wp-json\/wp\/v2\/product_brand?post=16606"},{"taxonomy":"product_cat","embeddable":true,"href":"https:\/\/jarchaespanol.com\/it\/wp-json\/wp\/v2\/product_cat?post=16606"},{"taxonomy":"product_tag","embeddable":true,"href":"https:\/\/jarchaespanol.com\/it\/wp-json\/wp\/v2\/product_tag?post=16606"}],"curies":[{"name":"wp","href":"https:\/\/api.w.org\/{rel}","templated":true}]}}