{"id":20158,"date":"2025-11-05T12:33:23","date_gmt":"2025-11-05T11:33:23","guid":{"rendered":"https:\/\/jarchaespanol.com\/?post_type=product&#038;p=20158"},"modified":"2025-12-29T11:49:36","modified_gmt":"2025-12-29T10:49:36","slug":"spagnolo-online-lezioni-intensive-in-piccoli-gruppi","status":"publish","type":"product","link":"https:\/\/jarchaespanol.com\/it\/servicios\/ensenanza-it\/ele-it\/altre-lezioni-in-piccolo-gruppo\/spagnolo-online-lezioni-intensive-in-piccoli-gruppi\/","title":{"rendered":"Spagnolo online &#8211; Lezioni intensive in piccoli gruppi"},"content":{"rendered":"<p><b>Migliora il tuo spagnolo con flessibilit\u00e0, ritmo e un gruppo che ti sostiene<\/b><\/p>\n<p><span style=\"font-weight: 400;\">Questa modalit\u00e0 \u00e8 pensata per chi desidera migliorare il proprio spagnolo in modo efficace, in un gruppo ristretto e dinamico, ovunque si trovi. Le lezioni si svolgono online, in diretta, e si adattano alla disponibilit\u00e0 e al ritmo di ogni partecipante.<\/span><\/p>\n<p><span style=\"font-weight: 400;\">I gruppi sono composti da un massimo di 4 persone e vengono organizzati in base alla disponibilit\u00e0 e al livello condiviso, per garantire sessioni equilibrate, comunicative e partecipative. Non \u00e8 richiesto un livello minimo, ma \u00e8 preferibile che i partecipanti abbiano un livello simile affinch\u00e9 il gruppo funzioni con fluidit\u00e0. \u00c8 anche possibile <\/span><b>combinare queste lezioni di gruppo con <span style=\"color: #882437;\"><a style=\"color: #882437;\" href=\"https:\/\/jarchaespanol.com\/it\/servicios\/ensenanza-it\/ele-it\/lezioni-individuali\/espanol-clases-intensivas-individuales\/\">sessioni individuali<\/a><\/span><\/b><span style=\"font-weight: 400;\"> per rafforzare aspetti specifici o personalizzare l\u2019apprendimento.<\/span><\/p>\n<p>&nbsp;<\/p>\n<p><b>Attivit\u00e0 complementari<\/b><\/p>\n<p><span style=\"font-weight: 400;\">Oltre alle lezioni intensive, puoi partecipare ad attivit\u00e0 online in piccoli gruppi che rafforzano ci\u00f2 che hai imparato e favoriscono l\u2019espressione orale:<\/span><\/p>\n<ul>\n<li style=\"font-weight: 400;\" aria-level=\"1\"><span style=\"color: #882437;\"><a style=\"color: #882437;\" href=\"https:\/\/jarchaespanol.com\/it\/servicios\/ensenanza-it\/ele-it\/altre-lezioni-in-piccolo-gruppo\/tavola-rotonda-mensile-in-piccolo-gruppo\/\"><b>Spagnolo online &#8211; Tavola rotonda mensile in piccolo gruppo<\/b><\/a><\/span><span style=\"font-weight: 400;\">: una sessione mensile rilassata per conversare, condividere e praticare lo spagnolo.<\/span><\/li>\n<li aria-level=\"1\"><b><span style=\"color: #882437;\"><a style=\"color: #882437;\" href=\"https:\/\/jarchaespanol.com\/it\/servicios\/ensenanza-it\/ele-it\/altre-lezioni-in-piccolo-gruppo\/spagnolo-online-preparazione-per-ccse-per-piccolo-gruppo-copia\/\">Spagnolo online \u2013Supporto grammaticale in piccolo gruppo<\/a><\/span>: <\/b>per rivedere e consolidare le strutture chiave in modo pratico e collaborativo.<\/li>\n<\/ul>\n<p>&nbsp;<\/p>\n<p><span style=\"font-weight: 400;\">Ti piacerebbe <strong>provare gratuitamente una delle nostre lezioni intensive in piccolo gruppo?<\/strong> Ti basta compilare questo <span style=\"color: #882437;\"><strong><a style=\"color: #882437;\" href=\"https:\/\/docs.google.com\/forms\/d\/1F0YQH3qdqJma8aMkOMDCqVMb739GmbHHDWA04S9l-dU\/\" target=\"_blank\" rel=\"noopener\">modulo<\/a><\/strong><\/span> modulo e ti contatteremo \ud83d\ude0a<\/span><\/p>\n<p>&nbsp;<\/p>\n<p><b>Prova di livello<\/b><br \/>\n<a class=\"btn btn-jarcha\" href=\"https:\/\/docs.google.com\/forms\/d\/e\/1FAIpQLScMyzM92U1yRd7pyrAY6iNldme-eUzGKpzMkl9ZJUN072zVHw\/viewform?usp=sf_link\" target=\"_blank\" rel=\"noopener\"><span style=\"font-weight: 400;\"><i class=\"vc_btn3-icon fas fa-user-graduate\"><\/i> A1 <\/span><\/a> <a class=\"btn btn-jarcha\" href=\"https:\/\/docs.google.com\/forms\/d\/e\/1FAIpQLSctisEsdQt-A4UJe0KuWHLCDoTzLtXFWelAQNoauRGeyPcSUg\/viewform?usp=sf_link\" target=\"_blank\" rel=\"noopener\"><span style=\"font-weight: 400;\"><i class=\"vc_btn3-icon fas fa-user-graduate\"><\/i> A2 <\/span><\/a> <a class=\"btn btn-jarcha\" href=\"https:\/\/docs.google.com\/forms\/d\/e\/1FAIpQLSdNGeGMzvjiXYDQWm0ySq6zpqES6g3MFOjMnaYxYUgCeI3M7A\/viewform?usp=sf_link\" target=\"_blank\" rel=\"noopener\"><span style=\"font-weight: 400;\"><i class=\"vc_btn3-icon fas fa-user-graduate\"><\/i> B1 <\/span><\/a> <a class=\"btn btn-jarcha\" href=\"https:\/\/docs.google.com\/forms\/d\/e\/1FAIpQLSfHj2JP1zE2D1FUPS_FbH0zTUNzAJ1CEopeBKifrEwm5nMmsw\/viewform?usp=sf_link\" target=\"_blank\" rel=\"noopener\"><span style=\"font-weight: 400;\"><i class=\"vc_btn3-icon fas fa-user-graduate\"><\/i> B2 <\/span><\/a> <a class=\"btn btn-jarcha\" href=\"https:\/\/docs.google.com\/forms\/d\/e\/1FAIpQLSeUgWtLVaOwNh7sbMlg0a7C-zQG3OhJkbzS22VtItOdw6IVCQ\/viewform?usp=sf_link\" target=\"_blank\" rel=\"noopener\"><span style=\"font-weight: 400;\"><i class=\"vc_btn3-icon fas fa-user-graduate\"><\/i> C1 <\/span><\/a> <a class=\"btn btn-jarcha\" href=\"https:\/\/docs.google.com\/forms\/d\/e\/1FAIpQLScMlqLbAih6VOcu6jaiNdpp6wh9zkimMY9El8kqYbHZaRVInw\/viewform?usp=sf_link\" target=\"_blank\" rel=\"noopener\"><span style=\"font-weight: 400;\"><i class=\"vc_btn3-icon fas fa-user-graduate\"><\/i> C2 <\/span><\/a><\/p>\n","protected":false},"excerpt":{"rendered":"<div class=\"page\" title=\"Page 11\">\n<div class=\"layoutArea\">\n<div class=\"column\">\n<p>Impara lo spagnolo, senza confini, insieme ad altri studenti di Jarcha Espa\u00f1ol<\/p>\n<\/div>\n<\/div>\n<\/div>\n","protected":false},"featured_media":20165,"comment_status":"open","ping_status":"closed","template":"","meta":{"inline_featured_image":false,"_joinchat":[]},"product_brand":[],"product_cat":[933,496,497],"product_tag":[],"class_list":{"0":"post-20158","1":"product","2":"type-product","3":"status-publish","4":"has-post-thumbnail","6":"product_cat-altre-lezioni-in-piccolo-gruppo","7":"product_cat-ensenanza-it","8":"product_cat-ele-it","10":"first","11":"instock","12":"shipping-taxable","13":"purchasable","14":"product-type-variable"},"yoast_head":"<!-- This site is optimized with the Yoast SEO plugin v26.8 - https:\/\/yoast.com\/product\/yoast-seo-wordpress\/ -->\n<title>Spagnolo online - Lezioni intensive in piccoli gruppi - Jarcha Espa\u00f1ol<\/title>\n<meta name=\"description\" content=\"Spagnolo online - Lezioni intensive in piccoli gruppi - Jarcha Espa\u00f1ol - Espa\u00f1ol como Lengua Extranjera. Clases de espa\u00f1ol online.\" \/>\n<meta name=\"robots\" content=\"index, follow, max-snippet:-1, max-image-preview:large, max-video-preview:-1\" \/>\n<link rel=\"canonical\" href=\"https:\/\/jarchaespanol.com\/it\/servicios\/ensenanza-it\/ele-it\/altre-lezioni-in-piccolo-gruppo\/spagnolo-online-lezioni-intensive-in-piccoli-gruppi\/\" \/>\n<meta property=\"og:locale\" content=\"it_IT\" \/>\n<meta property=\"og:type\" content=\"article\" \/>\n<meta property=\"og:title\" content=\"Spagnolo online - Lezioni intensive in piccoli gruppi - Jarcha Espa\u00f1ol\" \/>\n<meta property=\"og:description\" content=\"Spagnolo online - Lezioni intensive in piccoli gruppi - Jarcha Espa\u00f1ol - Espa\u00f1ol como Lengua Extranjera. Clases de espa\u00f1ol online.\" \/>\n<meta property=\"og:url\" content=\"https:\/\/jarchaespanol.com\/it\/servicios\/ensenanza-it\/ele-it\/altre-lezioni-in-piccolo-gruppo\/spagnolo-online-lezioni-intensive-in-piccoli-gruppi\/\" \/>\n<meta property=\"og:site_name\" content=\"Jarcha Espa\u00f1ol\" \/>\n<meta property=\"article:modified_time\" content=\"2025-12-29T10:49:36+00:00\" \/>\n<meta property=\"og:image\" content=\"https:\/\/jarchaespanol.com\/wp-content\/uploads\/2025\/11\/espanol-online-intensivas-individuales.jpg\" \/>\n\t<meta property=\"og:image:width\" content=\"1024\" \/>\n\t<meta property=\"og:image:height\" content=\"1024\" \/>\n\t<meta property=\"og:image:type\" content=\"image\/jpeg\" \/>\n<meta name=\"twitter:card\" content=\"summary_large_image\" \/>\n<script type=\"application\/ld+json\" class=\"yoast-schema-graph\">{\"@context\":\"https:\/\/schema.org\",\"@graph\":[{\"@type\":\"WebPage\",\"@id\":\"https:\/\/jarchaespanol.com\/it\/servicios\/ensenanza-it\/ele-it\/altre-lezioni-in-piccolo-gruppo\/spagnolo-online-lezioni-intensive-in-piccoli-gruppi\/\",\"url\":\"https:\/\/jarchaespanol.com\/it\/servicios\/ensenanza-it\/ele-it\/altre-lezioni-in-piccolo-gruppo\/spagnolo-online-lezioni-intensive-in-piccoli-gruppi\/\",\"name\":\"Spagnolo online - Lezioni intensive in piccoli gruppi - Jarcha Espa\u00f1ol\",\"isPartOf\":{\"@id\":\"https:\/\/jarchaespanol.com\/#website\"},\"primaryImageOfPage\":{\"@id\":\"https:\/\/jarchaespanol.com\/it\/servicios\/ensenanza-it\/ele-it\/altre-lezioni-in-piccolo-gruppo\/spagnolo-online-lezioni-intensive-in-piccoli-gruppi\/#primaryimage\"},\"image\":{\"@id\":\"https:\/\/jarchaespanol.com\/it\/servicios\/ensenanza-it\/ele-it\/altre-lezioni-in-piccolo-gruppo\/spagnolo-online-lezioni-intensive-in-piccoli-gruppi\/#primaryimage\"},\"thumbnailUrl\":\"https:\/\/jarchaespanol.com\/wp-content\/uploads\/2025\/11\/espanol-online-intensivas-individuales.jpg\",\"datePublished\":\"2025-11-05T11:33:23+00:00\",\"dateModified\":\"2025-12-29T10:49:36+00:00\",\"description\":\"Spagnolo online - Lezioni intensive in piccoli gruppi - Jarcha Espa\u00f1ol - Espa\u00f1ol como Lengua Extranjera. Clases de espa\u00f1ol online.\",\"breadcrumb\":{\"@id\":\"https:\/\/jarchaespanol.com\/it\/servicios\/ensenanza-it\/ele-it\/altre-lezioni-in-piccolo-gruppo\/spagnolo-online-lezioni-intensive-in-piccoli-gruppi\/#breadcrumb\"},\"inLanguage\":\"it-IT\",\"potentialAction\":[{\"@type\":\"ReadAction\",\"target\":[\"https:\/\/jarchaespanol.com\/it\/servicios\/ensenanza-it\/ele-it\/altre-lezioni-in-piccolo-gruppo\/spagnolo-online-lezioni-intensive-in-piccoli-gruppi\/\"]}]},{\"@type\":\"ImageObject\",\"inLanguage\":\"it-IT\",\"@id\":\"https:\/\/jarchaespanol.com\/it\/servicios\/ensenanza-it\/ele-it\/altre-lezioni-in-piccolo-gruppo\/spagnolo-online-lezioni-intensive-in-piccoli-gruppi\/#primaryimage\",\"url\":\"https:\/\/jarchaespanol.com\/wp-content\/uploads\/2025\/11\/espanol-online-intensivas-individuales.jpg\",\"contentUrl\":\"https:\/\/jarchaespanol.com\/wp-content\/uploads\/2025\/11\/espanol-online-intensivas-individuales.jpg\",\"width\":1024,\"height\":1024},{\"@type\":\"BreadcrumbList\",\"@id\":\"https:\/\/jarchaespanol.com\/it\/servicios\/ensenanza-it\/ele-it\/altre-lezioni-in-piccolo-gruppo\/spagnolo-online-lezioni-intensive-in-piccoli-gruppi\/#breadcrumb\",\"itemListElement\":[{\"@type\":\"ListItem\",\"position\":1,\"name\":\"Home\",\"item\":\"https:\/\/jarchaespanol.com\/\"},{\"@type\":\"ListItem\",\"position\":2,\"name\":\"Negozio\",\"item\":\"https:\/\/jarchaespanol.com\/tienda\/\"},{\"@type\":\"ListItem\",\"position\":3,\"name\":\"Spagnolo online &#8211; Lezioni intensive in piccoli gruppi\"}]},{\"@type\":\"WebSite\",\"@id\":\"https:\/\/jarchaespanol.com\/#website\",\"url\":\"https:\/\/jarchaespanol.com\/\",\"name\":\"Jarcha Espa\u00f1ol\",\"description\":\"Plataforma en l\u00ednea especializada en la comunicaci\u00f3n y en la formaci\u00f3n en espa\u00f1ol. Aprende espa\u00f1ol online.\",\"publisher\":{\"@id\":\"https:\/\/jarchaespanol.com\/#organization\"},\"potentialAction\":[{\"@type\":\"SearchAction\",\"target\":{\"@type\":\"EntryPoint\",\"urlTemplate\":\"https:\/\/jarchaespanol.com\/?s={search_term_string}\"},\"query-input\":{\"@type\":\"PropertyValueSpecification\",\"valueRequired\":true,\"valueName\":\"search_term_string\"}}],\"inLanguage\":\"it-IT\"},{\"@type\":\"Organization\",\"@id\":\"https:\/\/jarchaespanol.com\/#organization\",\"name\":\"Jarcha Espa\u00f1ol\",\"url\":\"https:\/\/jarchaespanol.com\/\",\"logo\":{\"@type\":\"ImageObject\",\"inLanguage\":\"it-IT\",\"@id\":\"https:\/\/jarchaespanol.com\/#\/schema\/logo\/image\/\",\"url\":\"https:\/\/jarchaespanol.com\/wp-content\/uploads\/2022\/03\/logo-factura-2.png\",\"contentUrl\":\"https:\/\/jarchaespanol.com\/wp-content\/uploads\/2022\/03\/logo-factura-2.png\",\"width\":474,\"height\":177,\"caption\":\"Jarcha Espa\u00f1ol\"},\"image\":{\"@id\":\"https:\/\/jarchaespanol.com\/#\/schema\/logo\/image\/\"}}]}<\/script>\n<!-- \/ Yoast SEO plugin. -->","yoast_head_json":{"title":"Spagnolo online - Lezioni intensive in piccoli gruppi - Jarcha Espa\u00f1ol","description":"Spagnolo online - Lezioni intensive in piccoli gruppi - Jarcha Espa\u00f1ol - Espa\u00f1ol como Lengua Extranjera. Clases de espa\u00f1ol online.","robots":{"index":"index","follow":"follow","max-snippet":"max-snippet:-1","max-image-preview":"max-image-preview:large","max-video-preview":"max-video-preview:-1"},"canonical":"https:\/\/jarchaespanol.com\/it\/servicios\/ensenanza-it\/ele-it\/altre-lezioni-in-piccolo-gruppo\/spagnolo-online-lezioni-intensive-in-piccoli-gruppi\/","og_locale":"it_IT","og_type":"article","og_title":"Spagnolo online - Lezioni intensive in piccoli gruppi - Jarcha Espa\u00f1ol","og_description":"Spagnolo online - Lezioni intensive in piccoli gruppi - Jarcha Espa\u00f1ol - Espa\u00f1ol como Lengua Extranjera. Clases de espa\u00f1ol online.","og_url":"https:\/\/jarchaespanol.com\/it\/servicios\/ensenanza-it\/ele-it\/altre-lezioni-in-piccolo-gruppo\/spagnolo-online-lezioni-intensive-in-piccoli-gruppi\/","og_site_name":"Jarcha Espa\u00f1ol","article_modified_time":"2025-12-29T10:49:36+00:00","og_image":[{"width":1024,"height":1024,"url":"https:\/\/jarchaespanol.com\/wp-content\/uploads\/2025\/11\/espanol-online-intensivas-individuales.jpg","type":"image\/jpeg"}],"twitter_card":"summary_large_image","schema":{"@context":"https:\/\/schema.org","@graph":[{"@type":"WebPage","@id":"https:\/\/jarchaespanol.com\/it\/servicios\/ensenanza-it\/ele-it\/altre-lezioni-in-piccolo-gruppo\/spagnolo-online-lezioni-intensive-in-piccoli-gruppi\/","url":"https:\/\/jarchaespanol.com\/it\/servicios\/ensenanza-it\/ele-it\/altre-lezioni-in-piccolo-gruppo\/spagnolo-online-lezioni-intensive-in-piccoli-gruppi\/","name":"Spagnolo online - Lezioni intensive in piccoli gruppi - Jarcha Espa\u00f1ol","isPartOf":{"@id":"https:\/\/jarchaespanol.com\/#website"},"primaryImageOfPage":{"@id":"https:\/\/jarchaespanol.com\/it\/servicios\/ensenanza-it\/ele-it\/altre-lezioni-in-piccolo-gruppo\/spagnolo-online-lezioni-intensive-in-piccoli-gruppi\/#primaryimage"},"image":{"@id":"https:\/\/jarchaespanol.com\/it\/servicios\/ensenanza-it\/ele-it\/altre-lezioni-in-piccolo-gruppo\/spagnolo-online-lezioni-intensive-in-piccoli-gruppi\/#primaryimage"},"thumbnailUrl":"https:\/\/jarchaespanol.com\/wp-content\/uploads\/2025\/11\/espanol-online-intensivas-individuales.jpg","datePublished":"2025-11-05T11:33:23+00:00","dateModified":"2025-12-29T10:49:36+00:00","description":"Spagnolo online - Lezioni intensive in piccoli gruppi - Jarcha Espa\u00f1ol - Espa\u00f1ol como Lengua Extranjera. Clases de espa\u00f1ol online.","breadcrumb":{"@id":"https:\/\/jarchaespanol.com\/it\/servicios\/ensenanza-it\/ele-it\/altre-lezioni-in-piccolo-gruppo\/spagnolo-online-lezioni-intensive-in-piccoli-gruppi\/#breadcrumb"},"inLanguage":"it-IT","potentialAction":[{"@type":"ReadAction","target":["https:\/\/jarchaespanol.com\/it\/servicios\/ensenanza-it\/ele-it\/altre-lezioni-in-piccolo-gruppo\/spagnolo-online-lezioni-intensive-in-piccoli-gruppi\/"]}]},{"@type":"ImageObject","inLanguage":"it-IT","@id":"https:\/\/jarchaespanol.com\/it\/servicios\/ensenanza-it\/ele-it\/altre-lezioni-in-piccolo-gruppo\/spagnolo-online-lezioni-intensive-in-piccoli-gruppi\/#primaryimage","url":"https:\/\/jarchaespanol.com\/wp-content\/uploads\/2025\/11\/espanol-online-intensivas-individuales.jpg","contentUrl":"https:\/\/jarchaespanol.com\/wp-content\/uploads\/2025\/11\/espanol-online-intensivas-individuales.jpg","width":1024,"height":1024},{"@type":"BreadcrumbList","@id":"https:\/\/jarchaespanol.com\/it\/servicios\/ensenanza-it\/ele-it\/altre-lezioni-in-piccolo-gruppo\/spagnolo-online-lezioni-intensive-in-piccoli-gruppi\/#breadcrumb","itemListElement":[{"@type":"ListItem","position":1,"name":"Home","item":"https:\/\/jarchaespanol.com\/"},{"@type":"ListItem","position":2,"name":"Negozio","item":"https:\/\/jarchaespanol.com\/tienda\/"},{"@type":"ListItem","position":3,"name":"Spagnolo online &#8211; Lezioni intensive in piccoli gruppi"}]},{"@type":"WebSite","@id":"https:\/\/jarchaespanol.com\/#website","url":"https:\/\/jarchaespanol.com\/","name":"Jarcha Espa\u00f1ol","description":"Plataforma en l\u00ednea especializada en la comunicaci\u00f3n y en la formaci\u00f3n en espa\u00f1ol. Aprende espa\u00f1ol online.","publisher":{"@id":"https:\/\/jarchaespanol.com\/#organization"},"potentialAction":[{"@type":"SearchAction","target":{"@type":"EntryPoint","urlTemplate":"https:\/\/jarchaespanol.com\/?s={search_term_string}"},"query-input":{"@type":"PropertyValueSpecification","valueRequired":true,"valueName":"search_term_string"}}],"inLanguage":"it-IT"},{"@type":"Organization","@id":"https:\/\/jarchaespanol.com\/#organization","name":"Jarcha Espa\u00f1ol","url":"https:\/\/jarchaespanol.com\/","logo":{"@type":"ImageObject","inLanguage":"it-IT","@id":"https:\/\/jarchaespanol.com\/#\/schema\/logo\/image\/","url":"https:\/\/jarchaespanol.com\/wp-content\/uploads\/2022\/03\/logo-factura-2.png","contentUrl":"https:\/\/jarchaespanol.com\/wp-content\/uploads\/2022\/03\/logo-factura-2.png","width":474,"height":177,"caption":"Jarcha Espa\u00f1ol"},"image":{"@id":"https:\/\/jarchaespanol.com\/#\/schema\/logo\/image\/"}}]}},"_links":{"self":[{"href":"https:\/\/jarchaespanol.com\/it\/wp-json\/wp\/v2\/product\/20158","targetHints":{"allow":["GET"]}}],"collection":[{"href":"https:\/\/jarchaespanol.com\/it\/wp-json\/wp\/v2\/product"}],"about":[{"href":"https:\/\/jarchaespanol.com\/it\/wp-json\/wp\/v2\/types\/product"}],"replies":[{"embeddable":true,"href":"https:\/\/jarchaespanol.com\/it\/wp-json\/wp\/v2\/comments?post=20158"}],"wp:featuredmedia":[{"embeddable":true,"href":"https:\/\/jarchaespanol.com\/it\/wp-json\/wp\/v2\/media\/20165"}],"wp:attachment":[{"href":"https:\/\/jarchaespanol.com\/it\/wp-json\/wp\/v2\/media?parent=20158"}],"wp:term":[{"taxonomy":"product_brand","embeddable":true,"href":"https:\/\/jarchaespanol.com\/it\/wp-json\/wp\/v2\/product_brand?post=20158"},{"taxonomy":"product_cat","embeddable":true,"href":"https:\/\/jarchaespanol.com\/it\/wp-json\/wp\/v2\/product_cat?post=20158"},{"taxonomy":"product_tag","embeddable":true,"href":"https:\/\/jarchaespanol.com\/it\/wp-json\/wp\/v2\/product_tag?post=20158"}],"curies":[{"name":"wp","href":"https:\/\/api.w.org\/{rel}","templated":true}]}}