{"id":6255,"date":"2022-06-13T11:55:45","date_gmt":"2022-06-13T09:55:45","guid":{"rendered":"https:\/\/jarchaespanol.es\/servicios\/senza-categoria\/espanol-curso-para-empresas\/"},"modified":"2025-02-18T13:04:47","modified_gmt":"2025-02-18T12:04:47","slug":"espanol-curso-para-empresas","status":"publish","type":"product","link":"https:\/\/jarchaespanol.com\/it\/servicios\/ensenanza-it\/ele-empresas-it\/espanol-curso-para-empresas\/","title":{"rendered":"Spagnolo online &#8211; Corsi per aziende in picollo gruppo"},"content":{"rendered":"<p><span style=\"font-weight: 400;\">I nostri corsi seguono le linee guida stabilite dal QCER, standard internazionale che definisce le competenze linguistiche che lo studente deve adquirire per comunicare in modo efficace.<\/span><\/p>\n<p><span style=\"font-weight: 400;\">Le dinamiche di gruppo favoriscono la realizzazione di <\/span><b>esercizi interattivi orali<\/b><span style=\"font-weight: 400;\"> (conversazioni, discussioni, simulazioni di dialogo, ecc.) che permettono di padroneggiare le capacit\u00e0 comunicative tanto necessarie per relazionarsi con i clienti in modo naturale e soddisfacente.<\/span><\/p>\n<p><span style=\"font-weight: 400;\">Inoltre, prestiamo particolare attenzione alla <\/span><b>comunicazione scritta commerciale<\/b><span style=\"font-weight: 400;\">, poich\u00e9 \u00e8 il collegamento che collega l&#8217;azienda con clienti e fornitori ed \u00e8 indispensabile per la risoluzione di molte operazioni. Una sezione speciale sar\u00e0 dedicata all&#8217;espressione scritta all&#8217;interno delle unit\u00e0 didattiche di ciascun corso.<\/span><\/p>\n<p><span style=\"font-weight: 400;\">\u00a0<\/span><\/p>\n<p><b>Requisiti<\/b><\/p>\n<p><span style=\"font-weight: 400;\">Gli studenti devono avere un <\/span><b>livello minimo<\/b><span style=\"font-weight: 400;\"> di competenza linguistica in spagnolo di <\/span><b>A2<\/b><span style=\"font-weight: 400;\">.<\/span><\/p>\n<p><span style=\"font-weight: 400;\">Numero massimo di studenti per gruppo: 8<\/span><\/p>\n<p>&nbsp;<\/p>\n<div class=\"lightweight-accordion bordered\"><details><summary class=\"lightweight-accordion-title\"><span><b>LIVELLO INTERMEDIO B1<\/b><\/span><\/summary><div class=\"lightweight-accordion-body\"><p><span style=\"font-weight: 400;\">Il prezzo del corso include materiale didattico in formato word, jpg e pdf e risorse multimediali liberamente accessibili.<\/span><\/p>\n<p><a class=\"btn btn-jarcha\" href=\"https:\/\/jarchaespanol.com\/wp-content\/uploads\/2022\/06\/temporalizacion_contenidos_b1.pdf\" target=\"_blank\" rel=\"noopener\"><span style=\"font-weight: 400;\"> &gt; Tempi e contenuti<\/span><\/a><\/p>\n<p>&nbsp;<\/p>\n<\/div><\/details><\/div>\n<div class=\"lightweight-accordion bordered\"><details><summary class=\"lightweight-accordion-title\"><span><b>LIVELLO INTERMEDIO B2<\/b><\/span><\/summary><div class=\"lightweight-accordion-body\"><p><span style=\"font-weight: 400;\">Il prezzo del corso include materiale didattico in formato word, jpg e pdf e risorse multimediali liberamente accessibili.<\/span><\/p>\n<p><a class=\"btn btn-jarcha\" href=\"https:\/\/jarchaespanol.com\/wp-content\/uploads\/2022\/06\/temporalizacion_contenidos_b2.pdf\" target=\"_blank\" rel=\"noopener\"><span style=\"font-weight: 400;\"> &gt; Tempi e contenuti<\/span><\/a><\/p>\n<p>&nbsp;<\/p>\n<\/div><\/details><\/div>\n<div class=\"lightweight-accordion bordered\"><details><summary class=\"lightweight-accordion-title\"><span><b>LIVELLO AVANZATO C1<\/b><\/span><\/summary><div class=\"lightweight-accordion-body\"><p><span style=\"font-weight: 400;\">Il prezzo del corso include materiale didattico in formato word, jpg e pdf e risorse multimediali liberamente accessibili.<\/span><\/p>\n<p><a class=\"btn btn-jarcha\" href=\"https:\/\/jarchaespanol.com\/wp-content\/uploads\/2022\/06\/temporalizacion_contenidos_c1.pdf\" target=\"_blank\" rel=\"noopener\"><span style=\"font-weight: 400;\"> &gt; Tempi e contenuti<\/span><\/a><\/p>\n<p>&nbsp;<\/p>\n<\/div><\/details><\/div>\n<p>&nbsp;<\/p>\n<p><strong><a style=\"color: #993366;\" href=\"https:\/\/jarchaespanol.com\/it\/formulario-inscripcion-empresas\/\">Modulo di registrazione per aziende<br \/>\n<\/a><\/strong><\/p>\n<p>&nbsp;<\/p>\n<p><b>Test de nivel<\/b><br \/>\n<a class=\"btn btn-jarcha\" href=\"https:\/\/docs.google.com\/forms\/d\/e\/1FAIpQLScMyzM92U1yRd7pyrAY6iNldme-eUzGKpzMkl9ZJUN072zVHw\/viewform?usp=sf_link\" target=\"_blank\" rel=\"noopener\"><span style=\"font-weight: 400;\"><i class=\"vc_btn3-icon fas fa-user-graduate\"><\/i> A1 <\/span><\/a> <a class=\"btn btn-jarcha\" href=\"https:\/\/docs.google.com\/forms\/d\/e\/1FAIpQLSctisEsdQt-A4UJe0KuWHLCDoTzLtXFWelAQNoauRGeyPcSUg\/viewform?usp=sf_link\" target=\"_blank\" rel=\"noopener\"><span style=\"font-weight: 400;\"><i class=\"vc_btn3-icon fas fa-user-graduate\"><\/i> A2 <\/span><\/a> <a class=\"btn btn-jarcha\" href=\"https:\/\/docs.google.com\/forms\/d\/e\/1FAIpQLSdNGeGMzvjiXYDQWm0ySq6zpqES6g3MFOjMnaYxYUgCeI3M7A\/viewform?usp=sf_link\" target=\"_blank\" rel=\"noopener\"><span style=\"font-weight: 400;\"><i class=\"vc_btn3-icon fas fa-user-graduate\"><\/i> B1 <\/span><\/a> <a class=\"btn btn-jarcha\" href=\"https:\/\/docs.google.com\/forms\/d\/e\/1FAIpQLSfHj2JP1zE2D1FUPS_FbH0zTUNzAJ1CEopeBKifrEwm5nMmsw\/viewform?usp=sf_link\" target=\"_blank\" rel=\"noopener\"><span style=\"font-weight: 400;\"><i class=\"vc_btn3-icon fas fa-user-graduate\"><\/i> B2 <\/span><\/a> <a class=\"btn btn-jarcha\" href=\"https:\/\/docs.google.com\/forms\/d\/e\/1FAIpQLSeUgWtLVaOwNh7sbMlg0a7C-zQG3OhJkbzS22VtItOdw6IVCQ\/viewform?usp=sf_link\" target=\"_blank\" rel=\"noopener\"><span style=\"font-weight: 400;\"><i class=\"vc_btn3-icon fas fa-user-graduate\"><\/i> C1 <\/span><\/a> <a class=\"btn btn-jarcha\" href=\"https:\/\/docs.google.com\/forms\/d\/e\/1FAIpQLScMlqLbAih6VOcu6jaiNdpp6wh9zkimMY9El8kqYbHZaRVInw\/viewform?usp=sf_link\" target=\"_blank\" rel=\"noopener\"><span style=\"font-weight: 400;\"><i class=\"vc_btn3-icon fas fa-user-graduate\"><\/i> C2 <\/span><\/a><\/p>\n","protected":false},"excerpt":{"rendered":"<p>Risolvete situazioni reali di comunicazione nella vostra attivit\u00e0 professionale<\/p>\n","protected":false},"featured_media":17526,"comment_status":"open","ping_status":"closed","template":"","meta":{"inline_featured_image":false,"_joinchat":[]},"product_brand":[],"product_cat":[496,498],"product_tag":[],"class_list":{"0":"post-6255","1":"product","2":"type-product","3":"status-publish","4":"has-post-thumbnail","6":"product_cat-ensenanza-it","7":"product_cat-ele-empresas-it","9":"first","10":"instock","11":"shipping-taxable","12":"purchasable","13":"product-type-variable-subscription"},"yoast_head":"<!-- This site is optimized with the Yoast SEO plugin v26.8 - https:\/\/yoast.com\/product\/yoast-seo-wordpress\/ -->\n<title>Spagnolo online - Corsi per aziende in picollo gruppo - Jarcha Espa\u00f1ol<\/title>\n<meta name=\"description\" content=\"Spagnolo online - Corsi per aziende in picollo gruppo - Jarcha Espa\u00f1ol - Espa\u00f1ol como Lengua Extranjera. Clases de espa\u00f1ol online.\" \/>\n<meta name=\"robots\" content=\"index, follow, max-snippet:-1, max-image-preview:large, max-video-preview:-1\" \/>\n<link rel=\"canonical\" href=\"https:\/\/jarchaespanol.com\/it\/servicios\/ensenanza-it\/ele-empresas-it\/espanol-curso-para-empresas\/\" \/>\n<meta property=\"og:locale\" content=\"it_IT\" \/>\n<meta property=\"og:type\" content=\"article\" \/>\n<meta property=\"og:title\" content=\"Spagnolo online - Corsi per aziende in picollo gruppo - Jarcha Espa\u00f1ol\" \/>\n<meta property=\"og:description\" content=\"Spagnolo online - Corsi per aziende in picollo gruppo - Jarcha Espa\u00f1ol - Espa\u00f1ol como Lengua Extranjera. Clases de espa\u00f1ol online.\" \/>\n<meta property=\"og:url\" content=\"https:\/\/jarchaespanol.com\/it\/servicios\/ensenanza-it\/ele-empresas-it\/espanol-curso-para-empresas\/\" \/>\n<meta property=\"og:site_name\" content=\"Jarcha Espa\u00f1ol\" \/>\n<meta property=\"article:modified_time\" content=\"2025-02-18T12:04:47+00:00\" \/>\n<meta property=\"og:image\" content=\"https:\/\/jarchaespanol.com\/wp-content\/uploads\/2022\/06\/EMPRESA-GRUPO-REDUCIDO-1.jpg\" \/>\n\t<meta property=\"og:image:width\" content=\"900\" \/>\n\t<meta property=\"og:image:height\" content=\"831\" \/>\n\t<meta property=\"og:image:type\" content=\"image\/jpeg\" \/>\n<meta name=\"twitter:card\" content=\"summary_large_image\" \/>\n<script type=\"application\/ld+json\" class=\"yoast-schema-graph\">{\"@context\":\"https:\/\/schema.org\",\"@graph\":[{\"@type\":\"WebPage\",\"@id\":\"https:\/\/jarchaespanol.com\/it\/servicios\/ensenanza-it\/ele-empresas-it\/espanol-curso-para-empresas\/\",\"url\":\"https:\/\/jarchaespanol.com\/it\/servicios\/ensenanza-it\/ele-empresas-it\/espanol-curso-para-empresas\/\",\"name\":\"Spagnolo online - Corsi per aziende in picollo gruppo - Jarcha Espa\u00f1ol\",\"isPartOf\":{\"@id\":\"https:\/\/jarchaespanol.com\/#website\"},\"primaryImageOfPage\":{\"@id\":\"https:\/\/jarchaespanol.com\/it\/servicios\/ensenanza-it\/ele-empresas-it\/espanol-curso-para-empresas\/#primaryimage\"},\"image\":{\"@id\":\"https:\/\/jarchaespanol.com\/it\/servicios\/ensenanza-it\/ele-empresas-it\/espanol-curso-para-empresas\/#primaryimage\"},\"thumbnailUrl\":\"https:\/\/jarchaespanol.com\/wp-content\/uploads\/2022\/06\/EMPRESA-GRUPO-REDUCIDO-1.jpg\",\"datePublished\":\"2022-06-13T09:55:45+00:00\",\"dateModified\":\"2025-02-18T12:04:47+00:00\",\"description\":\"Spagnolo online - Corsi per aziende in picollo gruppo - Jarcha Espa\u00f1ol - Espa\u00f1ol como Lengua Extranjera. Clases de espa\u00f1ol online.\",\"breadcrumb\":{\"@id\":\"https:\/\/jarchaespanol.com\/it\/servicios\/ensenanza-it\/ele-empresas-it\/espanol-curso-para-empresas\/#breadcrumb\"},\"inLanguage\":\"it-IT\",\"potentialAction\":[{\"@type\":\"ReadAction\",\"target\":[\"https:\/\/jarchaespanol.com\/it\/servicios\/ensenanza-it\/ele-empresas-it\/espanol-curso-para-empresas\/\"]}]},{\"@type\":\"ImageObject\",\"inLanguage\":\"it-IT\",\"@id\":\"https:\/\/jarchaespanol.com\/it\/servicios\/ensenanza-it\/ele-empresas-it\/espanol-curso-para-empresas\/#primaryimage\",\"url\":\"https:\/\/jarchaespanol.com\/wp-content\/uploads\/2022\/06\/EMPRESA-GRUPO-REDUCIDO-1.jpg\",\"contentUrl\":\"https:\/\/jarchaespanol.com\/wp-content\/uploads\/2022\/06\/EMPRESA-GRUPO-REDUCIDO-1.jpg\",\"width\":900,\"height\":831,\"caption\":\"Young business people sitting together at the table, looking at laptop and discussing\"},{\"@type\":\"BreadcrumbList\",\"@id\":\"https:\/\/jarchaespanol.com\/it\/servicios\/ensenanza-it\/ele-empresas-it\/espanol-curso-para-empresas\/#breadcrumb\",\"itemListElement\":[{\"@type\":\"ListItem\",\"position\":1,\"name\":\"Home\",\"item\":\"https:\/\/jarchaespanol.com\/\"},{\"@type\":\"ListItem\",\"position\":2,\"name\":\"Negozio\",\"item\":\"https:\/\/jarchaespanol.com\/tienda\/\"},{\"@type\":\"ListItem\",\"position\":3,\"name\":\"Spagnolo online &#8211; Corsi per aziende in picollo gruppo\"}]},{\"@type\":\"WebSite\",\"@id\":\"https:\/\/jarchaespanol.com\/#website\",\"url\":\"https:\/\/jarchaespanol.com\/\",\"name\":\"Jarcha Espa\u00f1ol\",\"description\":\"Plataforma en l\u00ednea especializada en la comunicaci\u00f3n y en la formaci\u00f3n en espa\u00f1ol. Aprende espa\u00f1ol online.\",\"publisher\":{\"@id\":\"https:\/\/jarchaespanol.com\/#organization\"},\"potentialAction\":[{\"@type\":\"SearchAction\",\"target\":{\"@type\":\"EntryPoint\",\"urlTemplate\":\"https:\/\/jarchaespanol.com\/?s={search_term_string}\"},\"query-input\":{\"@type\":\"PropertyValueSpecification\",\"valueRequired\":true,\"valueName\":\"search_term_string\"}}],\"inLanguage\":\"it-IT\"},{\"@type\":\"Organization\",\"@id\":\"https:\/\/jarchaespanol.com\/#organization\",\"name\":\"Jarcha Espa\u00f1ol\",\"url\":\"https:\/\/jarchaespanol.com\/\",\"logo\":{\"@type\":\"ImageObject\",\"inLanguage\":\"it-IT\",\"@id\":\"https:\/\/jarchaespanol.com\/#\/schema\/logo\/image\/\",\"url\":\"https:\/\/jarchaespanol.com\/wp-content\/uploads\/2022\/03\/logo-factura-2.png\",\"contentUrl\":\"https:\/\/jarchaespanol.com\/wp-content\/uploads\/2022\/03\/logo-factura-2.png\",\"width\":474,\"height\":177,\"caption\":\"Jarcha Espa\u00f1ol\"},\"image\":{\"@id\":\"https:\/\/jarchaespanol.com\/#\/schema\/logo\/image\/\"}}]}<\/script>\n<!-- \/ Yoast SEO plugin. -->","yoast_head_json":{"title":"Spagnolo online - Corsi per aziende in picollo gruppo - Jarcha Espa\u00f1ol","description":"Spagnolo online - Corsi per aziende in picollo gruppo - Jarcha Espa\u00f1ol - Espa\u00f1ol como Lengua Extranjera. Clases de espa\u00f1ol online.","robots":{"index":"index","follow":"follow","max-snippet":"max-snippet:-1","max-image-preview":"max-image-preview:large","max-video-preview":"max-video-preview:-1"},"canonical":"https:\/\/jarchaespanol.com\/it\/servicios\/ensenanza-it\/ele-empresas-it\/espanol-curso-para-empresas\/","og_locale":"it_IT","og_type":"article","og_title":"Spagnolo online - Corsi per aziende in picollo gruppo - Jarcha Espa\u00f1ol","og_description":"Spagnolo online - Corsi per aziende in picollo gruppo - Jarcha Espa\u00f1ol - Espa\u00f1ol como Lengua Extranjera. Clases de espa\u00f1ol online.","og_url":"https:\/\/jarchaespanol.com\/it\/servicios\/ensenanza-it\/ele-empresas-it\/espanol-curso-para-empresas\/","og_site_name":"Jarcha Espa\u00f1ol","article_modified_time":"2025-02-18T12:04:47+00:00","og_image":[{"width":900,"height":831,"url":"https:\/\/jarchaespanol.com\/wp-content\/uploads\/2022\/06\/EMPRESA-GRUPO-REDUCIDO-1.jpg","type":"image\/jpeg"}],"twitter_card":"summary_large_image","schema":{"@context":"https:\/\/schema.org","@graph":[{"@type":"WebPage","@id":"https:\/\/jarchaespanol.com\/it\/servicios\/ensenanza-it\/ele-empresas-it\/espanol-curso-para-empresas\/","url":"https:\/\/jarchaespanol.com\/it\/servicios\/ensenanza-it\/ele-empresas-it\/espanol-curso-para-empresas\/","name":"Spagnolo online - Corsi per aziende in picollo gruppo - Jarcha Espa\u00f1ol","isPartOf":{"@id":"https:\/\/jarchaespanol.com\/#website"},"primaryImageOfPage":{"@id":"https:\/\/jarchaespanol.com\/it\/servicios\/ensenanza-it\/ele-empresas-it\/espanol-curso-para-empresas\/#primaryimage"},"image":{"@id":"https:\/\/jarchaespanol.com\/it\/servicios\/ensenanza-it\/ele-empresas-it\/espanol-curso-para-empresas\/#primaryimage"},"thumbnailUrl":"https:\/\/jarchaespanol.com\/wp-content\/uploads\/2022\/06\/EMPRESA-GRUPO-REDUCIDO-1.jpg","datePublished":"2022-06-13T09:55:45+00:00","dateModified":"2025-02-18T12:04:47+00:00","description":"Spagnolo online - Corsi per aziende in picollo gruppo - Jarcha Espa\u00f1ol - Espa\u00f1ol como Lengua Extranjera. Clases de espa\u00f1ol online.","breadcrumb":{"@id":"https:\/\/jarchaespanol.com\/it\/servicios\/ensenanza-it\/ele-empresas-it\/espanol-curso-para-empresas\/#breadcrumb"},"inLanguage":"it-IT","potentialAction":[{"@type":"ReadAction","target":["https:\/\/jarchaespanol.com\/it\/servicios\/ensenanza-it\/ele-empresas-it\/espanol-curso-para-empresas\/"]}]},{"@type":"ImageObject","inLanguage":"it-IT","@id":"https:\/\/jarchaespanol.com\/it\/servicios\/ensenanza-it\/ele-empresas-it\/espanol-curso-para-empresas\/#primaryimage","url":"https:\/\/jarchaespanol.com\/wp-content\/uploads\/2022\/06\/EMPRESA-GRUPO-REDUCIDO-1.jpg","contentUrl":"https:\/\/jarchaespanol.com\/wp-content\/uploads\/2022\/06\/EMPRESA-GRUPO-REDUCIDO-1.jpg","width":900,"height":831,"caption":"Young business people sitting together at the table, looking at laptop and discussing"},{"@type":"BreadcrumbList","@id":"https:\/\/jarchaespanol.com\/it\/servicios\/ensenanza-it\/ele-empresas-it\/espanol-curso-para-empresas\/#breadcrumb","itemListElement":[{"@type":"ListItem","position":1,"name":"Home","item":"https:\/\/jarchaespanol.com\/"},{"@type":"ListItem","position":2,"name":"Negozio","item":"https:\/\/jarchaespanol.com\/tienda\/"},{"@type":"ListItem","position":3,"name":"Spagnolo online &#8211; Corsi per aziende in picollo gruppo"}]},{"@type":"WebSite","@id":"https:\/\/jarchaespanol.com\/#website","url":"https:\/\/jarchaespanol.com\/","name":"Jarcha Espa\u00f1ol","description":"Plataforma en l\u00ednea especializada en la comunicaci\u00f3n y en la formaci\u00f3n en espa\u00f1ol. Aprende espa\u00f1ol online.","publisher":{"@id":"https:\/\/jarchaespanol.com\/#organization"},"potentialAction":[{"@type":"SearchAction","target":{"@type":"EntryPoint","urlTemplate":"https:\/\/jarchaespanol.com\/?s={search_term_string}"},"query-input":{"@type":"PropertyValueSpecification","valueRequired":true,"valueName":"search_term_string"}}],"inLanguage":"it-IT"},{"@type":"Organization","@id":"https:\/\/jarchaespanol.com\/#organization","name":"Jarcha Espa\u00f1ol","url":"https:\/\/jarchaespanol.com\/","logo":{"@type":"ImageObject","inLanguage":"it-IT","@id":"https:\/\/jarchaespanol.com\/#\/schema\/logo\/image\/","url":"https:\/\/jarchaespanol.com\/wp-content\/uploads\/2022\/03\/logo-factura-2.png","contentUrl":"https:\/\/jarchaespanol.com\/wp-content\/uploads\/2022\/03\/logo-factura-2.png","width":474,"height":177,"caption":"Jarcha Espa\u00f1ol"},"image":{"@id":"https:\/\/jarchaespanol.com\/#\/schema\/logo\/image\/"}}]}},"_links":{"self":[{"href":"https:\/\/jarchaespanol.com\/it\/wp-json\/wp\/v2\/product\/6255","targetHints":{"allow":["GET"]}}],"collection":[{"href":"https:\/\/jarchaespanol.com\/it\/wp-json\/wp\/v2\/product"}],"about":[{"href":"https:\/\/jarchaespanol.com\/it\/wp-json\/wp\/v2\/types\/product"}],"replies":[{"embeddable":true,"href":"https:\/\/jarchaespanol.com\/it\/wp-json\/wp\/v2\/comments?post=6255"}],"wp:featuredmedia":[{"embeddable":true,"href":"https:\/\/jarchaespanol.com\/it\/wp-json\/wp\/v2\/media\/17526"}],"wp:attachment":[{"href":"https:\/\/jarchaespanol.com\/it\/wp-json\/wp\/v2\/media?parent=6255"}],"wp:term":[{"taxonomy":"product_brand","embeddable":true,"href":"https:\/\/jarchaespanol.com\/it\/wp-json\/wp\/v2\/product_brand?post=6255"},{"taxonomy":"product_cat","embeddable":true,"href":"https:\/\/jarchaespanol.com\/it\/wp-json\/wp\/v2\/product_cat?post=6255"},{"taxonomy":"product_tag","embeddable":true,"href":"https:\/\/jarchaespanol.com\/it\/wp-json\/wp\/v2\/product_tag?post=6255"}],"curies":[{"name":"wp","href":"https:\/\/api.w.org\/{rel}","templated":true}]}}