{"id":6271,"date":"2022-05-12T12:17:28","date_gmt":"2022-05-12T10:17:28","guid":{"rendered":"https:\/\/jarchaespanol.es\/servicios\/senza-categoria\/espanol-curso-individual\/"},"modified":"2023-02-07T12:12:18","modified_gmt":"2023-02-07T11:12:18","slug":"espanol-curso-individual","status":"publish","type":"product","link":"https:\/\/jarchaespanol.com\/it\/servicios\/sin-categorizar\/espanol-curso-individual\/","title":{"rendered":"Spagnolo &#8211; Corsi intensivi individuali"},"content":{"rendered":"<p><span style=\"font-weight: 400;\">Un corso \u00e8 una buona opzione per lo studente di spagnolo per assimilare la grammatica e il vocabolario in modo intensivo e sviluppare una <\/span><b>maggiore fluidit\u00e0 comunicativa a breve termine.<\/b><\/p>\n<p><span style=\"font-weight: 400;\">La modalit\u00e0 individuale \u00e8 adatta a chi non dispone di un&#8217;agenda compatibile con gli orari fissi di un gruppo. In compenso <\/span><b>l&#8217;attenzione ricevuta \u00e8 pi\u00f9 personalizzata<\/b><span style=\"font-weight: 400;\"> e quindi pi\u00f9 in linea con il tuo livello e ritmo di apprendimento, inoltre le lezioni possono iniziare in qualsiasi data dell&#8217;anno.<\/span><\/p>\n<p><span style=\"font-weight: 400;\">I nostri corsi sono progettati secondo il curriculum della lingua spagnola del QCER (Quadro Comune Europeo di Riferimento per le Lingue), in questo modo prepariamo gli studenti non solo per migliorare il loro spagnolo <\/span><b>a titolo personale<\/b><span style=\"font-weight: 400;\">, ma anche per esami ufficiali come i <\/span><b>DELE<\/b><span style=\"font-weight: 400;\"> dell&#8217;Istituto Cervantes.<\/span><\/p>\n<p>&nbsp;<\/p>\n<div class=\"lightweight-accordion bordered\"><details><summary class=\"lightweight-accordion-title\"><span><b>CORSO INTENSIVO INDIVIDUALE DI LIVELLO BASE A1-A2<\/b><\/span><\/summary><div class=\"lightweight-accordion-body\"><p><span style=\"font-weight: 400;\">Conformemente alla definizione del QCER (Quadro comune europeo di riferimento per le lingue), \u00abGli studenti che hanno superato il livello base sono in grado di comprendere frasi ed espressioni di uso frequente, relative ad aree di esperienza che sono particolarmente rilevanti per loro (informazioni di base su se stessi e la loro famiglia, shopping, luoghi di interesse, occupazioni, ecc.). Inoltre, sa comunicarsi nello svolgimento di compiti semplici e quotidiani che non richiedono altro che semplici e diretti scambi di informazioni su questioni che le sono note e su questioni relative alle sue necessit\u00e0 immediate\u00bb.<\/span><\/p>\n<p>&nbsp;<\/p>\n<p><span style=\"font-weight: 400;\">Il corso di spagnolo di livello base A1-A2 come lingua straniera ha una durata totale di <\/span><b>ore 72<\/b><span style=\"font-weight: 400;\">, distribuite in 2 sessioni settimanali di 120 minuti rispettivamente.<\/span><\/p>\n<p><span style=\"font-weight: 400;\">\u00a0<\/span><\/p>\n<p><b>PREZZO<\/b><\/p>\n<p><span style=\"font-weight: 400;\">Il costo totale del corso \u00e8 di \u20ac <strong>870<\/strong>. Ci sono due modalit\u00e0 di pagamento:<\/span><\/p>\n<ul>\n<li style=\"font-weight: 400;\" aria-level=\"1\"><span style=\"font-weight: 400;\">Pagamento una tantum in anticipo<\/span><b>: \u20ac 770<\/b><span style=\"font-weight: 400;\"> (sconto di \u20ac 100)<\/span><\/li>\n<li style=\"font-weight: 400;\" aria-level=\"1\"><span style=\"font-weight: 400;\">Pagamento in 5 rate mensili di <\/span><b>\u20ac 174<\/b><span style=\"font-weight: 400;\"> ciascuna.<\/span><\/li>\n<\/ul>\n<p>&nbsp;<\/p>\n<p><span style=\"font-weight: 400;\">Il prezzo del corso include materiale didattico in formato word, jpg e pdf e risorse multimediali liberamente accessibili.<\/span><\/p>\n<p>&nbsp;<\/p>\n<p><a class=\"btn btn-jarcha\" href=\"https:\/\/jarchaespanol.com\/wp-content\/uploads\/2022\/06\/temporalizacion_contenidos_basico.pdf\" target=\"_blank\" rel=\"noopener\"><span style=\"font-weight: 400;\"> &gt; Tempi e contenuti<\/span><\/a><\/p>\n<p>&nbsp;<\/p>\n<\/div><\/details><\/div>\n<div class=\"lightweight-accordion bordered\"><details><summary class=\"lightweight-accordion-title\"><span><b>CORSO INTENSIVO INDIVIDUALE DI LIVELLO INTERMEDIO B1<\/b><\/span><\/summary><div class=\"lightweight-accordion-body\"><p><span style=\"font-weight: 400;\">Conformemente alla definizione del QCER (Quadro comune europeo di riferimento per le lingue), lo studente di livello B1 \u00ab\u00e8 in grado di comprendere i punti essenziali di un discorso chiaro, su argomenti familiari che si incontrano regolarmente a lavoro, scuola o nel tempo libero. \u00c8 in grado di affrontare situazioni che possono verificarsi durante un viaggio, in zone in cui si parla la lingua in questione. \u00c8 in grado di produrre un discorso semplice e coerente su argomenti familiari o di personale interesse. \u00c8 in grado di descrivere esperienze ed eventi, speranze e ambizioni, cos\u00ec come opinioni o piani a breve termine\u00bb.<\/span><\/p>\n<p><span style=\"font-weight: 400;\">Il livello B1 \u00e8 composto da <\/span><b>due corsi<\/b><span style=\"font-weight: 400;\">: Intermedio 1 e Intermedio 2. La durata di ogni corso \u00e8 rispettivamente di <\/span><b>44 ore e 58 ore<\/b><span style=\"font-weight: 400;\">, distribuite in 2 sessioni settimanali di 120 minuti.<\/span><\/p>\n<p><span style=\"font-weight: 400;\">\u00a0<\/span><\/p>\n<p><b>PREZZO<\/b><\/p>\n<p><span style=\"font-weight: 400;\">Il costo totale del corso \u00e8 di <\/span><b>\u20ac 1190<\/b><span style=\"font-weight: 400;\">. Ci sono due modalit\u00e0 di pagamento:<\/span><\/p>\n<ul>\n<li style=\"font-weight: 400;\" aria-level=\"1\"><span style=\"font-weight: 400;\">Pagamento una tantum in anticipo: <\/span><b>\u20ac 1090<\/b><span style=\"font-weight: 400;\"> (sconto di \u20ac 100)<\/span><\/li>\n<li style=\"font-weight: 400;\" aria-level=\"1\"><span style=\"font-weight: 400;\">\u00a0Pagamento in <\/span><b>7<\/b><span style=\"font-weight: 400;\"> rate mensili di <\/span><b>\u20ac 170<\/b><span style=\"font-weight: 400;\"> ciascuna<\/span><\/li>\n<\/ul>\n<p><span style=\"font-weight: 400;\">Il prezzo del corso include materiale didattico in formato word, jpg e pdf e risorse multimediali liberamente accessibili.<\/span><\/p>\n<p>&nbsp;<\/p>\n<p><a class=\"btn btn-jarcha\" href=\"https:\/\/jarchaespanol.com\/wp-content\/uploads\/2022\/06\/temporalizacion_contenidos_b1.pdf\" target=\"_blank\" rel=\"noopener\"><span style=\"font-weight: 400;\"> &gt; Tempi e contenuti<\/span><\/a><\/p>\n<p>&nbsp;<\/p>\n<\/div><\/details><\/div>\n<div class=\"lightweight-accordion bordered\"><details><summary class=\"lightweight-accordion-title\"><span><b>CORSO INTENSIVO INDIVIDUALE DI LIVELLO INTERMEDIO B2<\/b><\/span><\/summary><div class=\"lightweight-accordion-body\"><p><span style=\"font-weight: 400;\">Conformemente alla definizione del QCER (Quadro comune europeo di riferimento per le lingue), lo studente di livello B2 \u00ab\u00e8 in grado di comprendere i punti chiave di un discorso complesso, riguardo sia temi concreti sia astratti, includendo argomentazioni tecniche nel proprio campo di specializzazione.\u00a0 \u00c8 in grado di difendersi nella maggior parte delle situazioni che possono sorgere quando si viaggia in una zona dove si parla la lingua oggetto di studio. \u00c8 in grado di produrre testi semplici su temi quotidiani o di interesse personale, su esperienze ed eventi, speranze e ambizioni, cos\u00ec come opinioni o piani a breve termine\u00bb.<\/span><\/p>\n<p><span style=\"font-weight: 400;\">Il livello B2 \u00e8 composto da due corsi: Intermedio B2.1 e Intermedio B2.2. La durata di <\/span><b>ciascuno<\/b><span style=\"font-weight: 400;\"> \u00e8 di <\/span><b>48<\/b> <b>ore<\/b><span style=\"font-weight: 400;\"> rispettivamente, distribuite in 2 sessioni settimanali di 120 minuti.<\/span><\/p>\n<p><span style=\"font-weight: 400;\">\u00a0<\/span><\/p>\n<p><b>PREZZO<\/b><\/p>\n<p><span style=\"font-weight: 400;\">Il costo totale del corso \u00e8 di <\/span><b>\u20ac 1124<\/b><span style=\"font-weight: 400;\">. Ci sono due modalit\u00e0 di pagamento:<\/span><\/p>\n<ul>\n<li style=\"font-weight: 400;\" aria-level=\"1\"><span style=\"font-weight: 400;\">Pagamento una tantum in anticipo: <\/span><b>\u20ac 1024<\/b><span style=\"font-weight: 400;\"> (sconto di \u20ac 100)<\/span><\/li>\n<li style=\"font-weight: 400;\" aria-level=\"1\"><span style=\"font-weight: 400;\">Pagamento in <\/span><b>6<\/b><span style=\"font-weight: 400;\"> rate mensili di <\/span><b>\u20ac 187<\/b><span style=\"font-weight: 400;\"> ciascuna<\/span><\/li>\n<\/ul>\n<p><span style=\"font-weight: 400;\">Il prezzo del corso include materiale didattico in formato word, jpg e pdf e risorse multimediali liberamente accessibili.<\/span><\/p>\n<p>&nbsp;<\/p>\n<p><a class=\"btn btn-jarcha\" href=\"https:\/\/jarchaespanol.com\/wp-content\/uploads\/2022\/06\/temporalizacion_contenidos_b2.pdf\" target=\"_blank\" rel=\"noopener\"><span style=\"font-weight: 400;\"> &gt; Tempi e contenuti<\/span><\/a><\/p>\n<p>&nbsp;<\/p>\n<\/div><\/details><\/div>\n<div class=\"lightweight-accordion bordered\"><details><summary class=\"lightweight-accordion-title\"><span><b>CORSO INTENSIVO INDIVIDUALE DI LIVELLO AVANZATO C1<\/b><\/span><\/summary><div class=\"lightweight-accordion-body\"><p><span style=\"font-weight: 400;\">Nel QCER, il livello C1 \u00e8 chiamato Autonomia. Per raggiungere questo livello, lo studente deve essere in grado di comprendere un&#8217;ampia variet\u00e0 di testi, sia orali che scritti, con un certo livello di esigenza, ed essere in grado di riconoscere in essi i sensi impliciti.<\/span><\/p>\n<p><span style=\"font-weight: 400;\">Dovr\u00e0 saper esprimersi in modo fluido e spontaneo, fare un uso flessibile ed efficace della lingua per scopi sociali, accademici e professionali e produrre testi chiari, ben strutturati e dettagliati su temi di una certa complessit\u00e0, mostrando un uso corretto dei meccanismi di organizzazione, articolazione e coesione del testo.<\/span><\/p>\n<p><span style=\"font-weight: 400;\">La differenza pi\u00f9 evidente tra questo livello e quelli precedenti \u00e8 l&#8217;acquisizione di un repertorio linguistico ampio che consenta una comunicazione fluida e spontanea. Questa maggiore facilit\u00e0 di comunicazione deve essere basata sulle competenze linguistiche acquisite nei livelli precedenti.<\/span><\/p>\n<p><span style=\"font-weight: 400;\">L&#8217;autonomia nell&#8217;apprendimento \u00e8 un altro pilastro di questo livello e deve essere elevata, poich\u00e9 gli studenti possiedono gli strumenti e le conoscenze sufficienti per poter avanzare da soli, oltre a seguire le istruzioni degli insegnanti.<\/span><\/p>\n<p><span style=\"font-weight: 400;\">La pratica in classe non sar\u00e0 sufficiente, quindi dovrai cercare e sfruttare tutte le opportunit\u00e0 a tua disposizione per sviluppare le competenze acquisite in classe.<\/span><\/p>\n<p><span style=\"font-weight: 400;\">La durata di questo corso \u00e8 di <\/span><b>80 ore<\/b><span style=\"font-weight: 400;\">, suddivise in due sessioni settimanali di 120 minuti.<\/span><\/p>\n<p><span style=\"font-weight: 400;\">\u00a0<\/span><\/p>\n<p><b>PREZZO<\/b><\/p>\n<p><span style=\"font-weight: 400;\">Il costo totale del corso \u00e8 di <\/span><b>\u20ac 950<\/b><span style=\"font-weight: 400;\">. Ci sono due modalit\u00e0 di pagamento:<\/span><\/p>\n<ul>\n<li style=\"font-weight: 400;\" aria-level=\"1\"><span style=\"font-weight: 400;\">Pagamento una tantum in anticipo: <\/span><b>\u20ac 850<\/b><span style=\"font-weight: 400;\"> (sconto di \u20ac 100)<\/span><\/li>\n<li style=\"font-weight: 400;\" aria-level=\"1\"><span style=\"font-weight: 400;\">Pagamento a <\/span><b>5<\/b><span style=\"font-weight: 400;\"> rate di <\/span><b>\u20ac 190<\/b><span style=\"font-weight: 400;\"> ciascuna<\/span><\/li>\n<\/ul>\n<p><span style=\"font-weight: 400;\">Il prezzo del corso include materiale didattico in formato word, jpg e pdf e risorse multimediali liberamente accessibili.<\/span><\/p>\n<p>&nbsp;<\/p>\n<p><a class=\"btn btn-jarcha\" href=\"https:\/\/jarchaespanol.com\/wp-content\/uploads\/2022\/06\/temporalizacion_contenidos_c1.pdf\" target=\"_blank\" rel=\"noopener\"><span style=\"font-weight: 400;\"> &gt; Tempi e contenuti<\/span><\/a><\/p>\n<p>&nbsp;<\/p>\n<\/div><\/details><\/div>\n<p>&nbsp;<\/p>\n<p><a class=\"btn btn-jarcha\" href=\"https:\/\/docs.google.com\/forms\/d\/e\/1FAIpQLSfcqnT0yx9ylNe_7bvk7ZgGrc6OTIA8JxGMPdEFsxHMDoOTAQ\/viewform?usp=sf_link\" target=\"_blank\" rel=\"noopener\"><span style=\"font-weight: 400;\"><i class=\"vc_btn3-icon fas fa-user-graduate\"><\/i> Test de nivel A1<\/span><\/a> <a class=\"btn btn-jarcha\" href=\"https:\/\/docs.google.com\/forms\/d\/e\/1FAIpQLSeTDa6QmSwYWj7oW_yHYcpizdv6piPmyuDxlUaO_ZdtoNS4dg\/viewform?usp=sf_link\" target=\"_blank\" rel=\"noopener\"><span style=\"font-weight: 400;\"><i class=\"vc_btn3-icon fas fa-user-graduate\"><\/i> Test de nivel A2<\/span><\/a> <a class=\"btn btn-jarcha\" href=\"https:\/\/docs.google.com\/forms\/d\/e\/1FAIpQLSemXWo0GNz26D0S9aVn6d73RM3Wjn1NwRZUJLMBYtzl_iC6og\/viewform?usp=sf_link\" target=\"_blank\" rel=\"noopener\"><span style=\"font-weight: 400;\"><i class=\"vc_btn3-icon fas fa-user-graduate\"><\/i> Test de nivel B1<\/span><\/a> <a class=\"btn btn-jarcha\" href=\"https:\/\/docs.google.com\/forms\/d\/e\/1FAIpQLScSBs1tQjG98PdPPfzNcQ40r0q7y_Pw8-EkX0ohKeilvhwZAQ\/viewform?usp=sf_link\" target=\"_blank\" rel=\"noopener\"><span style=\"font-weight: 400;\"><i class=\"vc_btn3-icon fas fa-user-graduate\"><\/i> Test de nivel B2<\/span><\/a> <a class=\"btn btn-jarcha\" href=\"https:\/\/docs.google.com\/forms\/d\/e\/1FAIpQLSfcaGfbBac02wDVmhCzSsLem8kB02P1D0ZO_a94Pm_t8Eifsg\/viewform?usp=sf_link\" target=\"_blank\" rel=\"noopener\"><span style=\"font-weight: 400;\"><i class=\"vc_btn3-icon fas fa-user-graduate\"><\/i> Test de nivel C1<\/span><\/a><\/p>\n","protected":false},"excerpt":{"rendered":"<p>Un corso \u00e8 una buona opzione per lo studente di spagnolo per assimilare la grammatica e il vocabolario in modo intensivo e sviluppare una maggiore fluidit\u00e0 comunicativa a breve termine. La modalit\u00e0 individuale \u00e8 adatta a chi non dispone di un&#8217;agenda compatibile con gli orari fissi di un gruppo. In compenso l&#8217;attenzione ricevuta \u00e8 pi\u00f9 [&hellip;]<\/p>\n","protected":false},"featured_media":6085,"comment_status":"open","ping_status":"closed","template":"","meta":{"inline_featured_image":false,"_joinchat":[]},"product_brand":[],"product_cat":[15],"product_tag":[],"class_list":{"0":"post-6271","1":"product","2":"type-product","3":"status-publish","4":"has-post-thumbnail","6":"product_cat-sin-categorizar","8":"first","9":"outofstock","10":"sale","11":"shipping-taxable","12":"purchasable","13":"product-type-variable-subscription"},"yoast_head":"<!-- This site is optimized with the Yoast SEO plugin v26.8 - https:\/\/yoast.com\/product\/yoast-seo-wordpress\/ -->\n<title>Spagnolo - Corsi intensivi individuali - Jarcha Espa\u00f1ol<\/title>\n<meta name=\"description\" content=\"Spagnolo - Corsi intensivi individuali - Jarcha Espa\u00f1ol - Espa\u00f1ol como Lengua Extranjera. Clases de espa\u00f1ol online.\" \/>\n<meta name=\"robots\" content=\"index, follow, max-snippet:-1, max-image-preview:large, max-video-preview:-1\" \/>\n<link rel=\"canonical\" href=\"https:\/\/jarchaespanol.com\/it\/servicios\/sin-categorizar\/espanol-curso-individual\/\" \/>\n<meta property=\"og:locale\" content=\"it_IT\" \/>\n<meta property=\"og:type\" content=\"article\" \/>\n<meta property=\"og:title\" content=\"Spagnolo - Corsi intensivi individuali - Jarcha Espa\u00f1ol\" \/>\n<meta property=\"og:description\" content=\"Spagnolo - Corsi intensivi individuali - Jarcha Espa\u00f1ol - Espa\u00f1ol como Lengua Extranjera. Clases de espa\u00f1ol online.\" \/>\n<meta property=\"og:url\" content=\"https:\/\/jarchaespanol.com\/?post_type=product&amp;p=4384\" \/>\n<meta property=\"og:site_name\" content=\"Jarcha Espa\u00f1ol\" \/>\n<meta property=\"article:modified_time\" content=\"2023-02-07T11:12:18+00:00\" \/>\n<meta property=\"og:image\" content=\"https:\/\/jarchaespanol.com\/wp-content\/uploads\/2022\/06\/curso-espanol-individual.png\" \/>\n\t<meta property=\"og:image:width\" content=\"600\" \/>\n\t<meta property=\"og:image:height\" content=\"600\" \/>\n\t<meta property=\"og:image:type\" content=\"image\/png\" \/>\n<meta name=\"twitter:card\" content=\"summary_large_image\" \/>\n<script type=\"application\/ld+json\" class=\"yoast-schema-graph\">{\"@context\":\"https:\/\/schema.org\",\"@graph\":[{\"@type\":\"WebPage\",\"@id\":\"https:\/\/jarchaespanol.com\/?post_type=product&p=4384\",\"url\":\"https:\/\/jarchaespanol.com\/?post_type=product&p=4384\",\"name\":\"Spagnolo - Corsi intensivi individuali - Jarcha Espa\u00f1ol\",\"isPartOf\":{\"@id\":\"https:\/\/jarchaespanol.com\/#website\"},\"primaryImageOfPage\":{\"@id\":\"https:\/\/jarchaespanol.com\/?post_type=product&p=4384#primaryimage\"},\"image\":{\"@id\":\"https:\/\/jarchaespanol.com\/?post_type=product&p=4384#primaryimage\"},\"thumbnailUrl\":\"https:\/\/jarchaespanol.com\/wp-content\/uploads\/2022\/06\/curso-espanol-individual.png\",\"datePublished\":\"2022-05-12T10:17:28+00:00\",\"dateModified\":\"2023-02-07T11:12:18+00:00\",\"description\":\"Spagnolo - Corsi intensivi individuali - Jarcha Espa\u00f1ol - Espa\u00f1ol como Lengua Extranjera. Clases de espa\u00f1ol online.\",\"breadcrumb\":{\"@id\":\"https:\/\/jarchaespanol.com\/?post_type=product&p=4384#breadcrumb\"},\"inLanguage\":\"it-IT\",\"potentialAction\":[{\"@type\":\"ReadAction\",\"target\":[\"https:\/\/jarchaespanol.com\/?post_type=product&p=4384\"]}]},{\"@type\":\"ImageObject\",\"inLanguage\":\"it-IT\",\"@id\":\"https:\/\/jarchaespanol.com\/?post_type=product&p=4384#primaryimage\",\"url\":\"https:\/\/jarchaespanol.com\/wp-content\/uploads\/2022\/06\/curso-espanol-individual.png\",\"contentUrl\":\"https:\/\/jarchaespanol.com\/wp-content\/uploads\/2022\/06\/curso-espanol-individual.png\",\"width\":600,\"height\":600},{\"@type\":\"BreadcrumbList\",\"@id\":\"https:\/\/jarchaespanol.com\/?post_type=product&p=4384#breadcrumb\",\"itemListElement\":[{\"@type\":\"ListItem\",\"position\":1,\"name\":\"Home\",\"item\":\"https:\/\/jarchaespanol.com\/\"},{\"@type\":\"ListItem\",\"position\":2,\"name\":\"Negozio\",\"item\":\"https:\/\/jarchaespanol.com\/tienda\/\"},{\"@type\":\"ListItem\",\"position\":3,\"name\":\"Spagnolo &#8211; Corsi intensivi individuali\"}]},{\"@type\":\"WebSite\",\"@id\":\"https:\/\/jarchaespanol.com\/#website\",\"url\":\"https:\/\/jarchaespanol.com\/\",\"name\":\"Jarcha Espa\u00f1ol\",\"description\":\"Plataforma en l\u00ednea especializada en la comunicaci\u00f3n y en la formaci\u00f3n en espa\u00f1ol. Aprende espa\u00f1ol online.\",\"publisher\":{\"@id\":\"https:\/\/jarchaespanol.com\/#organization\"},\"potentialAction\":[{\"@type\":\"SearchAction\",\"target\":{\"@type\":\"EntryPoint\",\"urlTemplate\":\"https:\/\/jarchaespanol.com\/?s={search_term_string}\"},\"query-input\":{\"@type\":\"PropertyValueSpecification\",\"valueRequired\":true,\"valueName\":\"search_term_string\"}}],\"inLanguage\":\"it-IT\"},{\"@type\":\"Organization\",\"@id\":\"https:\/\/jarchaespanol.com\/#organization\",\"name\":\"Jarcha Espa\u00f1ol\",\"url\":\"https:\/\/jarchaespanol.com\/\",\"logo\":{\"@type\":\"ImageObject\",\"inLanguage\":\"it-IT\",\"@id\":\"https:\/\/jarchaespanol.com\/#\/schema\/logo\/image\/\",\"url\":\"https:\/\/jarchaespanol.com\/wp-content\/uploads\/2022\/03\/logo-factura-2.png\",\"contentUrl\":\"https:\/\/jarchaespanol.com\/wp-content\/uploads\/2022\/03\/logo-factura-2.png\",\"width\":474,\"height\":177,\"caption\":\"Jarcha Espa\u00f1ol\"},\"image\":{\"@id\":\"https:\/\/jarchaespanol.com\/#\/schema\/logo\/image\/\"}}]}<\/script>\n<!-- \/ Yoast SEO plugin. -->","yoast_head_json":{"title":"Spagnolo - Corsi intensivi individuali - Jarcha Espa\u00f1ol","description":"Spagnolo - Corsi intensivi individuali - Jarcha Espa\u00f1ol - Espa\u00f1ol como Lengua Extranjera. Clases de espa\u00f1ol online.","robots":{"index":"index","follow":"follow","max-snippet":"max-snippet:-1","max-image-preview":"max-image-preview:large","max-video-preview":"max-video-preview:-1"},"canonical":"https:\/\/jarchaespanol.com\/it\/servicios\/sin-categorizar\/espanol-curso-individual\/","og_locale":"it_IT","og_type":"article","og_title":"Spagnolo - Corsi intensivi individuali - Jarcha Espa\u00f1ol","og_description":"Spagnolo - Corsi intensivi individuali - Jarcha Espa\u00f1ol - Espa\u00f1ol como Lengua Extranjera. Clases de espa\u00f1ol online.","og_url":"https:\/\/jarchaespanol.com\/?post_type=product&p=4384","og_site_name":"Jarcha Espa\u00f1ol","article_modified_time":"2023-02-07T11:12:18+00:00","og_image":[{"width":600,"height":600,"url":"https:\/\/jarchaespanol.com\/wp-content\/uploads\/2022\/06\/curso-espanol-individual.png","type":"image\/png"}],"twitter_card":"summary_large_image","schema":{"@context":"https:\/\/schema.org","@graph":[{"@type":"WebPage","@id":"https:\/\/jarchaespanol.com\/?post_type=product&p=4384","url":"https:\/\/jarchaespanol.com\/?post_type=product&p=4384","name":"Spagnolo - Corsi intensivi individuali - Jarcha Espa\u00f1ol","isPartOf":{"@id":"https:\/\/jarchaespanol.com\/#website"},"primaryImageOfPage":{"@id":"https:\/\/jarchaespanol.com\/?post_type=product&p=4384#primaryimage"},"image":{"@id":"https:\/\/jarchaespanol.com\/?post_type=product&p=4384#primaryimage"},"thumbnailUrl":"https:\/\/jarchaespanol.com\/wp-content\/uploads\/2022\/06\/curso-espanol-individual.png","datePublished":"2022-05-12T10:17:28+00:00","dateModified":"2023-02-07T11:12:18+00:00","description":"Spagnolo - Corsi intensivi individuali - Jarcha Espa\u00f1ol - Espa\u00f1ol como Lengua Extranjera. Clases de espa\u00f1ol online.","breadcrumb":{"@id":"https:\/\/jarchaespanol.com\/?post_type=product&p=4384#breadcrumb"},"inLanguage":"it-IT","potentialAction":[{"@type":"ReadAction","target":["https:\/\/jarchaespanol.com\/?post_type=product&p=4384"]}]},{"@type":"ImageObject","inLanguage":"it-IT","@id":"https:\/\/jarchaespanol.com\/?post_type=product&p=4384#primaryimage","url":"https:\/\/jarchaespanol.com\/wp-content\/uploads\/2022\/06\/curso-espanol-individual.png","contentUrl":"https:\/\/jarchaespanol.com\/wp-content\/uploads\/2022\/06\/curso-espanol-individual.png","width":600,"height":600},{"@type":"BreadcrumbList","@id":"https:\/\/jarchaespanol.com\/?post_type=product&p=4384#breadcrumb","itemListElement":[{"@type":"ListItem","position":1,"name":"Home","item":"https:\/\/jarchaespanol.com\/"},{"@type":"ListItem","position":2,"name":"Negozio","item":"https:\/\/jarchaespanol.com\/tienda\/"},{"@type":"ListItem","position":3,"name":"Spagnolo &#8211; Corsi intensivi individuali"}]},{"@type":"WebSite","@id":"https:\/\/jarchaespanol.com\/#website","url":"https:\/\/jarchaespanol.com\/","name":"Jarcha Espa\u00f1ol","description":"Plataforma en l\u00ednea especializada en la comunicaci\u00f3n y en la formaci\u00f3n en espa\u00f1ol. Aprende espa\u00f1ol online.","publisher":{"@id":"https:\/\/jarchaespanol.com\/#organization"},"potentialAction":[{"@type":"SearchAction","target":{"@type":"EntryPoint","urlTemplate":"https:\/\/jarchaespanol.com\/?s={search_term_string}"},"query-input":{"@type":"PropertyValueSpecification","valueRequired":true,"valueName":"search_term_string"}}],"inLanguage":"it-IT"},{"@type":"Organization","@id":"https:\/\/jarchaespanol.com\/#organization","name":"Jarcha Espa\u00f1ol","url":"https:\/\/jarchaespanol.com\/","logo":{"@type":"ImageObject","inLanguage":"it-IT","@id":"https:\/\/jarchaespanol.com\/#\/schema\/logo\/image\/","url":"https:\/\/jarchaespanol.com\/wp-content\/uploads\/2022\/03\/logo-factura-2.png","contentUrl":"https:\/\/jarchaespanol.com\/wp-content\/uploads\/2022\/03\/logo-factura-2.png","width":474,"height":177,"caption":"Jarcha Espa\u00f1ol"},"image":{"@id":"https:\/\/jarchaespanol.com\/#\/schema\/logo\/image\/"}}]}},"_links":{"self":[{"href":"https:\/\/jarchaespanol.com\/it\/wp-json\/wp\/v2\/product\/6271","targetHints":{"allow":["GET"]}}],"collection":[{"href":"https:\/\/jarchaespanol.com\/it\/wp-json\/wp\/v2\/product"}],"about":[{"href":"https:\/\/jarchaespanol.com\/it\/wp-json\/wp\/v2\/types\/product"}],"replies":[{"embeddable":true,"href":"https:\/\/jarchaespanol.com\/it\/wp-json\/wp\/v2\/comments?post=6271"}],"wp:featuredmedia":[{"embeddable":true,"href":"https:\/\/jarchaespanol.com\/it\/wp-json\/wp\/v2\/media\/6085"}],"wp:attachment":[{"href":"https:\/\/jarchaespanol.com\/it\/wp-json\/wp\/v2\/media?parent=6271"}],"wp:term":[{"taxonomy":"product_brand","embeddable":true,"href":"https:\/\/jarchaespanol.com\/it\/wp-json\/wp\/v2\/product_brand?post=6271"},{"taxonomy":"product_cat","embeddable":true,"href":"https:\/\/jarchaespanol.com\/it\/wp-json\/wp\/v2\/product_cat?post=6271"},{"taxonomy":"product_tag","embeddable":true,"href":"https:\/\/jarchaespanol.com\/it\/wp-json\/wp\/v2\/product_tag?post=6271"}],"curies":[{"name":"wp","href":"https:\/\/api.w.org\/{rel}","templated":true}]}}