{"id":6283,"date":"2022-05-10T13:00:41","date_gmt":"2022-05-10T11:00:41","guid":{"rendered":"https:\/\/jarchaespanol.es\/servicios\/senza-categoria\/espanol-junior\/"},"modified":"2025-02-18T12:59:37","modified_gmt":"2025-02-18T11:59:37","slug":"espanol-junior","status":"publish","type":"product","link":"https:\/\/jarchaespanol.com\/it\/servicios\/ensenanza-it\/ele-it\/lezioni-individuali\/espanol-junior\/","title":{"rendered":"Spagnolo online &#8211; Junior"},"content":{"rendered":"<p><span style=\"font-weight: 400;\">Lezioni pensate per giovani studenti di spagnolo come <\/span><b>seconda lingua<\/b><span style=\"font-weight: 400;\"> che hanno bisogno di una spinta con le spiegazioni o i compiti della scuola o del liceo o che semplicemente desiderano avvicinarsi allo spagnolo fin dalla giovane et\u00e0. A Jarcha Espa\u00f1ol ci mettiamo al lavoro con loro in modo che possano imparare al tempo che si divertono, senza spostamenti o problemi di orari.<\/span><\/p>\n<p>&nbsp;<\/p>\n<p><b>Livello richiesto: da A1<\/b><\/p>\n<p>&nbsp;<\/p>\n<p><b>Prova di livello<\/b><br \/>\n<a class=\"btn btn-jarcha\" href=\"https:\/\/docs.google.com\/forms\/d\/e\/1FAIpQLScMyzM92U1yRd7pyrAY6iNldme-eUzGKpzMkl9ZJUN072zVHw\/viewform?usp=sf_link\" target=\"_blank\" rel=\"noopener\"><span style=\"font-weight: 400;\"><i class=\"vc_btn3-icon fas fa-user-graduate\"><\/i> A1 <\/span><\/a> <a class=\"btn btn-jarcha\" href=\"https:\/\/docs.google.com\/forms\/d\/e\/1FAIpQLSctisEsdQt-A4UJe0KuWHLCDoTzLtXFWelAQNoauRGeyPcSUg\/viewform?usp=sf_link\" target=\"_blank\" rel=\"noopener\"><span style=\"font-weight: 400;\"><i class=\"vc_btn3-icon fas fa-user-graduate\"><\/i> A2 <\/span><\/a> <a class=\"btn btn-jarcha\" href=\"https:\/\/docs.google.com\/forms\/d\/e\/1FAIpQLSdNGeGMzvjiXYDQWm0ySq6zpqES6g3MFOjMnaYxYUgCeI3M7A\/viewform?usp=sf_link\" target=\"_blank\" rel=\"noopener\"><span style=\"font-weight: 400;\"><i class=\"vc_btn3-icon fas fa-user-graduate\"><\/i> B1 <\/span><\/a> <a class=\"btn btn-jarcha\" href=\"https:\/\/docs.google.com\/forms\/d\/e\/1FAIpQLSfHj2JP1zE2D1FUPS_FbH0zTUNzAJ1CEopeBKifrEwm5nMmsw\/viewform?usp=sf_link\" target=\"_blank\" rel=\"noopener\"><span style=\"font-weight: 400;\"><i class=\"vc_btn3-icon fas fa-user-graduate\"><\/i> B2 <\/span><\/a> <a class=\"btn btn-jarcha\" href=\"https:\/\/docs.google.com\/forms\/d\/e\/1FAIpQLSeUgWtLVaOwNh7sbMlg0a7C-zQG3OhJkbzS22VtItOdw6IVCQ\/viewform?usp=sf_link\" target=\"_blank\" rel=\"noopener\"><span style=\"font-weight: 400;\"><i class=\"vc_btn3-icon fas fa-user-graduate\"><\/i> C1 <\/span><\/a> <a class=\"btn btn-jarcha\" href=\"https:\/\/docs.google.com\/forms\/d\/e\/1FAIpQLScMlqLbAih6VOcu6jaiNdpp6wh9zkimMY9El8kqYbHZaRVInw\/viewform?usp=sf_link\" target=\"_blank\" rel=\"noopener\"><span style=\"font-weight: 400;\"><i class=\"vc_btn3-icon fas fa-user-graduate\"><\/i> C2 <\/span><\/a><\/p>\n","protected":false},"excerpt":{"rendered":"<p>Sostegno scolastico in spagnolo per i pi\u00f9 giovani<\/p>\n","protected":false},"featured_media":17531,"comment_status":"open","ping_status":"closed","template":"","meta":{"inline_featured_image":false,"_joinchat":[]},"product_brand":[],"product_cat":[496,497,859],"product_tag":[],"class_list":{"0":"post-6283","1":"product","2":"type-product","3":"status-publish","4":"has-post-thumbnail","6":"product_cat-ensenanza-it","7":"product_cat-ele-it","8":"product_cat-lezioni-individuali","10":"first","11":"instock","12":"shipping-taxable","13":"purchasable","14":"product-type-variable"},"yoast_head":"<!-- This site is optimized with the Yoast SEO plugin v26.8 - https:\/\/yoast.com\/product\/yoast-seo-wordpress\/ -->\n<title>Spagnolo online - Junior - Jarcha Espa\u00f1ol<\/title>\n<meta name=\"description\" content=\"Spagnolo online - Junior - Jarcha Espa\u00f1ol - Espa\u00f1ol como Lengua Extranjera. Clases de espa\u00f1ol online.\" \/>\n<meta name=\"robots\" content=\"index, follow, max-snippet:-1, max-image-preview:large, max-video-preview:-1\" \/>\n<link rel=\"canonical\" href=\"https:\/\/jarchaespanol.com\/it\/servicios\/ensenanza-it\/ele-it\/lezioni-individuali\/espanol-junior\/\" \/>\n<meta property=\"og:locale\" content=\"it_IT\" \/>\n<meta property=\"og:type\" content=\"article\" \/>\n<meta property=\"og:title\" content=\"Spagnolo online - Junior - Jarcha Espa\u00f1ol\" \/>\n<meta property=\"og:description\" content=\"Spagnolo online - Junior - Jarcha Espa\u00f1ol - Espa\u00f1ol como Lengua Extranjera. Clases de espa\u00f1ol online.\" \/>\n<meta property=\"og:url\" content=\"https:\/\/jarchaespanol.com\/it\/servicios\/ensenanza-it\/ele-it\/lezioni-individuali\/espanol-junior\/\" \/>\n<meta property=\"og:site_name\" content=\"Jarcha Espa\u00f1ol\" \/>\n<meta property=\"article:modified_time\" content=\"2025-02-18T11:59:37+00:00\" \/>\n<meta property=\"og:image\" content=\"https:\/\/jarchaespanol.com\/wp-content\/uploads\/2022\/05\/espanol-junior.png\" \/>\n\t<meta property=\"og:image:width\" content=\"600\" \/>\n\t<meta property=\"og:image:height\" content=\"600\" \/>\n\t<meta property=\"og:image:type\" content=\"image\/png\" \/>\n<meta name=\"twitter:card\" content=\"summary_large_image\" \/>\n<script type=\"application\/ld+json\" class=\"yoast-schema-graph\">{\"@context\":\"https:\/\/schema.org\",\"@graph\":[{\"@type\":\"WebPage\",\"@id\":\"https:\/\/jarchaespanol.com\/it\/servicios\/ensenanza-it\/ele-it\/lezioni-individuali\/espanol-junior\/\",\"url\":\"https:\/\/jarchaespanol.com\/it\/servicios\/ensenanza-it\/ele-it\/lezioni-individuali\/espanol-junior\/\",\"name\":\"Spagnolo online - Junior - Jarcha Espa\u00f1ol\",\"isPartOf\":{\"@id\":\"https:\/\/jarchaespanol.com\/#website\"},\"primaryImageOfPage\":{\"@id\":\"https:\/\/jarchaespanol.com\/it\/servicios\/ensenanza-it\/ele-it\/lezioni-individuali\/espanol-junior\/#primaryimage\"},\"image\":{\"@id\":\"https:\/\/jarchaespanol.com\/it\/servicios\/ensenanza-it\/ele-it\/lezioni-individuali\/espanol-junior\/#primaryimage\"},\"thumbnailUrl\":\"https:\/\/jarchaespanol.com\/wp-content\/uploads\/2022\/05\/ESPANOL-JUNIOR_3.jpg\",\"datePublished\":\"2022-05-10T11:00:41+00:00\",\"dateModified\":\"2025-02-18T11:59:37+00:00\",\"description\":\"Spagnolo online - Junior - Jarcha Espa\u00f1ol - Espa\u00f1ol como Lengua Extranjera. Clases de espa\u00f1ol online.\",\"breadcrumb\":{\"@id\":\"https:\/\/jarchaespanol.com\/it\/servicios\/ensenanza-it\/ele-it\/lezioni-individuali\/espanol-junior\/#breadcrumb\"},\"inLanguage\":\"it-IT\",\"potentialAction\":[{\"@type\":\"ReadAction\",\"target\":[\"https:\/\/jarchaespanol.com\/it\/servicios\/ensenanza-it\/ele-it\/lezioni-individuali\/espanol-junior\/\"]}]},{\"@type\":\"ImageObject\",\"inLanguage\":\"it-IT\",\"@id\":\"https:\/\/jarchaespanol.com\/it\/servicios\/ensenanza-it\/ele-it\/lezioni-individuali\/espanol-junior\/#primaryimage\",\"url\":\"https:\/\/jarchaespanol.com\/wp-content\/uploads\/2022\/05\/ESPANOL-JUNIOR_3.jpg\",\"contentUrl\":\"https:\/\/jarchaespanol.com\/wp-content\/uploads\/2022\/05\/ESPANOL-JUNIOR_3.jpg\",\"width\":1200,\"height\":1152},{\"@type\":\"BreadcrumbList\",\"@id\":\"https:\/\/jarchaespanol.com\/it\/servicios\/ensenanza-it\/ele-it\/lezioni-individuali\/espanol-junior\/#breadcrumb\",\"itemListElement\":[{\"@type\":\"ListItem\",\"position\":1,\"name\":\"Home\",\"item\":\"https:\/\/jarchaespanol.com\/\"},{\"@type\":\"ListItem\",\"position\":2,\"name\":\"Negozio\",\"item\":\"https:\/\/jarchaespanol.com\/tienda\/\"},{\"@type\":\"ListItem\",\"position\":3,\"name\":\"Spagnolo online &#8211; Junior\"}]},{\"@type\":\"WebSite\",\"@id\":\"https:\/\/jarchaespanol.com\/#website\",\"url\":\"https:\/\/jarchaespanol.com\/\",\"name\":\"Jarcha Espa\u00f1ol\",\"description\":\"Plataforma en l\u00ednea especializada en la comunicaci\u00f3n y en la formaci\u00f3n en espa\u00f1ol. Aprende espa\u00f1ol online.\",\"publisher\":{\"@id\":\"https:\/\/jarchaespanol.com\/#organization\"},\"potentialAction\":[{\"@type\":\"SearchAction\",\"target\":{\"@type\":\"EntryPoint\",\"urlTemplate\":\"https:\/\/jarchaespanol.com\/?s={search_term_string}\"},\"query-input\":{\"@type\":\"PropertyValueSpecification\",\"valueRequired\":true,\"valueName\":\"search_term_string\"}}],\"inLanguage\":\"it-IT\"},{\"@type\":\"Organization\",\"@id\":\"https:\/\/jarchaespanol.com\/#organization\",\"name\":\"Jarcha Espa\u00f1ol\",\"url\":\"https:\/\/jarchaespanol.com\/\",\"logo\":{\"@type\":\"ImageObject\",\"inLanguage\":\"it-IT\",\"@id\":\"https:\/\/jarchaespanol.com\/#\/schema\/logo\/image\/\",\"url\":\"https:\/\/jarchaespanol.com\/wp-content\/uploads\/2022\/03\/logo-factura-2.png\",\"contentUrl\":\"https:\/\/jarchaespanol.com\/wp-content\/uploads\/2022\/03\/logo-factura-2.png\",\"width\":474,\"height\":177,\"caption\":\"Jarcha Espa\u00f1ol\"},\"image\":{\"@id\":\"https:\/\/jarchaespanol.com\/#\/schema\/logo\/image\/\"}}]}<\/script>\n<!-- \/ Yoast SEO plugin. -->","yoast_head_json":{"title":"Spagnolo online - Junior - Jarcha Espa\u00f1ol","description":"Spagnolo online - Junior - Jarcha Espa\u00f1ol - Espa\u00f1ol como Lengua Extranjera. Clases de espa\u00f1ol online.","robots":{"index":"index","follow":"follow","max-snippet":"max-snippet:-1","max-image-preview":"max-image-preview:large","max-video-preview":"max-video-preview:-1"},"canonical":"https:\/\/jarchaespanol.com\/it\/servicios\/ensenanza-it\/ele-it\/lezioni-individuali\/espanol-junior\/","og_locale":"it_IT","og_type":"article","og_title":"Spagnolo online - Junior - Jarcha Espa\u00f1ol","og_description":"Spagnolo online - Junior - Jarcha Espa\u00f1ol - Espa\u00f1ol como Lengua Extranjera. Clases de espa\u00f1ol online.","og_url":"https:\/\/jarchaespanol.com\/it\/servicios\/ensenanza-it\/ele-it\/lezioni-individuali\/espanol-junior\/","og_site_name":"Jarcha Espa\u00f1ol","article_modified_time":"2025-02-18T11:59:37+00:00","og_image":[{"width":600,"height":600,"url":"https:\/\/jarchaespanol.com\/wp-content\/uploads\/2022\/05\/espanol-junior.png","type":"image\/png"}],"twitter_card":"summary_large_image","schema":{"@context":"https:\/\/schema.org","@graph":[{"@type":"WebPage","@id":"https:\/\/jarchaespanol.com\/it\/servicios\/ensenanza-it\/ele-it\/lezioni-individuali\/espanol-junior\/","url":"https:\/\/jarchaespanol.com\/it\/servicios\/ensenanza-it\/ele-it\/lezioni-individuali\/espanol-junior\/","name":"Spagnolo online - Junior - Jarcha Espa\u00f1ol","isPartOf":{"@id":"https:\/\/jarchaespanol.com\/#website"},"primaryImageOfPage":{"@id":"https:\/\/jarchaespanol.com\/it\/servicios\/ensenanza-it\/ele-it\/lezioni-individuali\/espanol-junior\/#primaryimage"},"image":{"@id":"https:\/\/jarchaespanol.com\/it\/servicios\/ensenanza-it\/ele-it\/lezioni-individuali\/espanol-junior\/#primaryimage"},"thumbnailUrl":"https:\/\/jarchaespanol.com\/wp-content\/uploads\/2022\/05\/ESPANOL-JUNIOR_3.jpg","datePublished":"2022-05-10T11:00:41+00:00","dateModified":"2025-02-18T11:59:37+00:00","description":"Spagnolo online - Junior - Jarcha Espa\u00f1ol - Espa\u00f1ol como Lengua Extranjera. Clases de espa\u00f1ol online.","breadcrumb":{"@id":"https:\/\/jarchaespanol.com\/it\/servicios\/ensenanza-it\/ele-it\/lezioni-individuali\/espanol-junior\/#breadcrumb"},"inLanguage":"it-IT","potentialAction":[{"@type":"ReadAction","target":["https:\/\/jarchaespanol.com\/it\/servicios\/ensenanza-it\/ele-it\/lezioni-individuali\/espanol-junior\/"]}]},{"@type":"ImageObject","inLanguage":"it-IT","@id":"https:\/\/jarchaespanol.com\/it\/servicios\/ensenanza-it\/ele-it\/lezioni-individuali\/espanol-junior\/#primaryimage","url":"https:\/\/jarchaespanol.com\/wp-content\/uploads\/2022\/05\/ESPANOL-JUNIOR_3.jpg","contentUrl":"https:\/\/jarchaespanol.com\/wp-content\/uploads\/2022\/05\/ESPANOL-JUNIOR_3.jpg","width":1200,"height":1152},{"@type":"BreadcrumbList","@id":"https:\/\/jarchaespanol.com\/it\/servicios\/ensenanza-it\/ele-it\/lezioni-individuali\/espanol-junior\/#breadcrumb","itemListElement":[{"@type":"ListItem","position":1,"name":"Home","item":"https:\/\/jarchaespanol.com\/"},{"@type":"ListItem","position":2,"name":"Negozio","item":"https:\/\/jarchaespanol.com\/tienda\/"},{"@type":"ListItem","position":3,"name":"Spagnolo online &#8211; Junior"}]},{"@type":"WebSite","@id":"https:\/\/jarchaespanol.com\/#website","url":"https:\/\/jarchaespanol.com\/","name":"Jarcha Espa\u00f1ol","description":"Plataforma en l\u00ednea especializada en la comunicaci\u00f3n y en la formaci\u00f3n en espa\u00f1ol. Aprende espa\u00f1ol online.","publisher":{"@id":"https:\/\/jarchaespanol.com\/#organization"},"potentialAction":[{"@type":"SearchAction","target":{"@type":"EntryPoint","urlTemplate":"https:\/\/jarchaespanol.com\/?s={search_term_string}"},"query-input":{"@type":"PropertyValueSpecification","valueRequired":true,"valueName":"search_term_string"}}],"inLanguage":"it-IT"},{"@type":"Organization","@id":"https:\/\/jarchaespanol.com\/#organization","name":"Jarcha Espa\u00f1ol","url":"https:\/\/jarchaespanol.com\/","logo":{"@type":"ImageObject","inLanguage":"it-IT","@id":"https:\/\/jarchaespanol.com\/#\/schema\/logo\/image\/","url":"https:\/\/jarchaespanol.com\/wp-content\/uploads\/2022\/03\/logo-factura-2.png","contentUrl":"https:\/\/jarchaespanol.com\/wp-content\/uploads\/2022\/03\/logo-factura-2.png","width":474,"height":177,"caption":"Jarcha Espa\u00f1ol"},"image":{"@id":"https:\/\/jarchaespanol.com\/#\/schema\/logo\/image\/"}}]}},"_links":{"self":[{"href":"https:\/\/jarchaespanol.com\/it\/wp-json\/wp\/v2\/product\/6283","targetHints":{"allow":["GET"]}}],"collection":[{"href":"https:\/\/jarchaespanol.com\/it\/wp-json\/wp\/v2\/product"}],"about":[{"href":"https:\/\/jarchaespanol.com\/it\/wp-json\/wp\/v2\/types\/product"}],"replies":[{"embeddable":true,"href":"https:\/\/jarchaespanol.com\/it\/wp-json\/wp\/v2\/comments?post=6283"}],"wp:featuredmedia":[{"embeddable":true,"href":"https:\/\/jarchaespanol.com\/it\/wp-json\/wp\/v2\/media\/17531"}],"wp:attachment":[{"href":"https:\/\/jarchaespanol.com\/it\/wp-json\/wp\/v2\/media?parent=6283"}],"wp:term":[{"taxonomy":"product_brand","embeddable":true,"href":"https:\/\/jarchaespanol.com\/it\/wp-json\/wp\/v2\/product_brand?post=6283"},{"taxonomy":"product_cat","embeddable":true,"href":"https:\/\/jarchaespanol.com\/it\/wp-json\/wp\/v2\/product_cat?post=6283"},{"taxonomy":"product_tag","embeddable":true,"href":"https:\/\/jarchaespanol.com\/it\/wp-json\/wp\/v2\/product_tag?post=6283"}],"curies":[{"name":"wp","href":"https:\/\/api.w.org\/{rel}","templated":true}]}}